{"id":149,"date":"2021-06-02T21:06:15","date_gmt":"2021-06-02T21:06:15","guid":{"rendered":"http:\/\/noctua-fin.com\/?page_id=149"},"modified":"2021-12-15T17:34:26","modified_gmt":"2021-12-15T17:34:26","slug":"abonament","status":"publish","type":"page","link":"https:\/\/noctua-fin.com\/index.php\/abonament\/","title":{"rendered":"Abonament"},"content":{"rendered":"<h2 class=\"wp-block-post-title\">Abonament<\/h2>\n\n\n<h4 class=\"wp-block-heading\">Przemys\u0142owy<\/h4>\n\n\n\n<ul class=\"wp-block-list\"><li>Koszenie lekkim ci\u0105gnikiem z mulczowaniem<\/li><li>Nawo\u017cenie wiosenne (opcja)<\/li><li>Nawo\u017cenie jesienne (opcja)<\/li><li>Odchwaszczanie chemiczne (opcja)<\/li><li>Naturalne preparaty przeciwko p\u0119drakom i nicieniom (opcja)<\/li><\/ul>\n\n\n\n<h4 class=\"wp-block-heading\">Podstawowy 1.0<\/h4>\n\n\n\n<ul class=\"wp-block-list\"><li>Koszenie trawnika kosiark\u0105 z koszem<\/li><li>Skoszona trawa sk\u0142adowana w kompostowniku na posesji<\/li><\/ul>\n\n\n\n<h4 class=\"wp-block-heading\">Podstawowy 2.0<\/h4>\n\n\n\n<ul class=\"wp-block-list\"><li>Koszenie trawnika kosiark\u0105 z koszem<\/li><li>Skoszona trawa zostaje za workowana i usuni\u0119ta z posesji<\/li><\/ul>\n\n\n\n<h4 class=\"wp-block-heading\">Rozszerzony 1.0<\/h4>\n\n\n\n<ul class=\"wp-block-list\"><li>Koszenie trawnika kosiark\u0105 z koszem<\/li><li>Skoszona trawa sk\u0142adowana w kompostowniku na posesji<\/li><li>Nawo\u017cenie wiosenne<\/li><li>Nawo\u017cenie jesienne<\/li><\/ul>\n\n\n\n<p> <\/p>\n\n\n\n<h4 class=\"wp-block-heading\">Rozszerzony 2.0<\/h4>\n\n\n\n<ul class=\"wp-block-list\"><li>Koszenie trawnika kosiark\u0105 z koszem<\/li><li>Skoszona trawa zostaje za workowana i usuni\u0119ta z posesji<\/li><li>Nawo\u017cenie wiosenne<\/li><li>Nawo\u017cenie jesienne<\/li><\/ul>\n\n\n\n<h4 class=\"wp-block-heading\">Profesjonalny 1.0<\/h4>\n\n\n\n<ul class=\"wp-block-list\"><li>Koszenie trawnika kosiark\u0105 z koszem<\/li><li>Skoszona trawa sk\u0142adowana w kompostowniku na posesji<\/li><li>Nawo\u017cenie wiosenne<\/li><li>Nawo\u017cenie jesienne <\/li><li>Wertykulacja<\/li><li>Aeracja<\/li><\/ul>\n\n\n\n<h4 class=\"wp-block-heading\">Profesjonalny 2.0<\/h4>\n\n\n\n<ul class=\"wp-block-list\"><li>Koszenie trawnika kosiark\u0105 z koszem<\/li><li>Skoszona trawa zostaje za workowana i usuni\u0119ta z posesji<\/li><li>Nawo\u017cenie wiosenne<\/li><li>Nawo\u017cenie jesienne <\/li><li>Wertykulacja<\/li><li>Aeracja<\/li><\/ul>\n\n\n\n<h4 class=\"wp-block-heading\">Premium<\/h4>\n\n\n\n<ul class=\"wp-block-list\"><li>Koszenie trawnika kosiark\u0105 z koszem<\/li><li>Skoszona trawa zostaje za workowana i usuni\u0119ta z posesji<\/li><li>Nawo\u017cenie wiosenne<\/li><li>Nawo\u017cenie jesienne <\/li><li>Wertykulacja<\/li><li>Aeracja <\/li><li>Odchwaszczanie chemiczne<\/li><li>Naturalne preparaty przeciwko p\u0119drakom i nicieniom<\/li><\/ul>\n\n\n\n<h4 class=\"wp-block-heading\">Premium plus<\/h4>\n\n\n\n<ul class=\"wp-block-list\"><li>Pakiet premium<\/li><li>Przycinanie \u017cywop\u0142otu<\/li><li>Przycinanie drzewek<\/li><\/ul>\n\n\n\n<h4 class=\"wp-block-heading\">VIP<\/h4>\n\n\n\n<ul class=\"wp-block-list\"><li>zakres ustalany indywidualnie<\/li><\/ul>\n","protected":false},"excerpt":{"rendered":"<p>Przemys\u0142owy Koszenie lekkim ci\u0105gnikiem z mulczowaniem Nawo\u017cenie wiosenne (opcja) Nawo\u017cenie jesienne (opcja) Odchwaszczanie chemiczne (opcja) Naturalne preparaty przeciwko p\u0119drakom i nicieniom (opcja) Podstawowy 1.0 Koszenie trawnika kosiark\u0105 z koszem Skoszona trawa sk\u0142adowana w kompostowniku na posesji Podstawowy 2.0 Koszenie trawnika kosiark\u0105 z koszem Skoszona trawa zostaje za workowana i usuni\u0119ta z posesji Rozszerzony 1.0 Koszenie [&hellip;]<\/p>\n","protected":false},"author":1,"featured_media":0,"parent":0,"menu_order":0,"comment_status":"closed","ping_status":"closed","template":"","meta":{"footnotes":""},"class_list":["post-149","page","type-page","status-publish","hentry"],"_links":{"self":[{"href":"https:\/\/noctua-fin.com\/index.php\/wp-json\/wp\/v2\/pages\/149","targetHints":{"allow":["GET"]}}],"collection":[{"href":"https:\/\/noctua-fin.com\/index.php\/wp-json\/wp\/v2\/pages"}],"about":[{"href":"https:\/\/noctua-fin.com\/index.php\/wp-json\/wp\/v2\/types\/page"}],"author":[{"embeddable":true,"href":"https:\/\/noctua-fin.com\/index.php\/wp-json\/wp\/v2\/users\/1"}],"replies":[{"embeddable":true,"href":"https:\/\/noctua-fin.com\/index.php\/wp-json\/wp\/v2\/comments?post=149"}],"version-history":[{"count":6,"href":"https:\/\/noctua-fin.com\/index.php\/wp-json\/wp\/v2\/pages\/149\/revisions"}],"predecessor-version":[{"id":217,"href":"https:\/\/noctua-fin.com\/index.php\/wp-json\/wp\/v2\/pages\/149\/revisions\/217"}],"wp:attachment":[{"href":"https:\/\/noctua-fin.com\/index.php\/wp-json\/wp\/v2\/media?parent=149"}],"curies":[{"name":"wp","href":"https:\/\/api.w.org\/{rel}","templated":true}]}}