{"id":162,"date":"2021-06-17T11:12:17","date_gmt":"2021-06-17T11:12:17","guid":{"rendered":"http:\/\/noctua-fin.com\/?page_id=162"},"modified":"2021-10-16T09:29:33","modified_gmt":"2021-10-16T09:29:33","slug":"dzialka-przemyslowa-swidnik-18008-m2","status":"publish","type":"page","link":"https:\/\/noctua-fin.com\/index.php\/dzialka-przemyslowa-swidnik-18008-m2\/","title":{"rendered":"Dzia\u0142ka przemys\u0142owa \u015awidnik 18008 m2"},"content":{"rendered":"\n<p><strong>Sprzedane<\/strong><\/p>\n\n\n\n<p><a href=\"https:\/\/www.otodom.pl\/pl\/oferta\/ostatnie-dzialki-w-strefie-aktywnosci-gospodarczej-ID4bXL0.html?\">Zobacz na OTODOM \/ OLX<\/a><\/p>\n\n\n\n<p><strong>Sprzedane<\/strong><\/p>\n\n\n\n<figure class=\"wp-block-gallery columns-3 is-cropped wp-block-gallery-1 is-layout-flex wp-block-gallery-is-layout-flex\"><ul class=\"blocks-gallery-grid\"><li class=\"blocks-gallery-item\"><figure><img loading=\"lazy\" decoding=\"async\" width=\"1024\" height=\"468\" src=\"http:\/\/noctua-fin.com\/wp-content\/uploads\/2021\/06\/geoportal-dzialka-75-2-1024x468.jpg\" alt=\"\" data-id=\"171\" data-full-url=\"http:\/\/noctua-fin.com\/wp-content\/uploads\/2021\/06\/geoportal-dzialka-75-2.jpg\" data-link=\"http:\/\/noctua-fin.com\/?attachment_id=171\" class=\"wp-image-171\" srcset=\"https:\/\/noctua-fin.com\/wp-content\/uploads\/2021\/06\/geoportal-dzialka-75-2-1024x468.jpg 1024w, https:\/\/noctua-fin.com\/wp-content\/uploads\/2021\/06\/geoportal-dzialka-75-2-300x137.jpg 300w, https:\/\/noctua-fin.com\/wp-content\/uploads\/2021\/06\/geoportal-dzialka-75-2-768x351.jpg 768w, https:\/\/noctua-fin.com\/wp-content\/uploads\/2021\/06\/geoportal-dzialka-75-2-1536x702.jpg 1536w, https:\/\/noctua-fin.com\/wp-content\/uploads\/2021\/06\/geoportal-dzialka-75-2-1568x717.jpg 1568w, https:\/\/noctua-fin.com\/wp-content\/uploads\/2021\/06\/geoportal-dzialka-75-2.jpg 1905w\" sizes=\"auto, (max-width: 1024px) 100vw, 1024px\" \/><\/figure><\/li><li class=\"blocks-gallery-item\"><figure><img loading=\"lazy\" decoding=\"async\" width=\"934\" height=\"708\" src=\"http:\/\/noctua-fin.com\/wp-content\/uploads\/2021\/06\/15.jpg\" alt=\"\" data-id=\"169\" data-full-url=\"http:\/\/noctua-fin.com\/wp-content\/uploads\/2021\/06\/15.jpg\" data-link=\"http:\/\/noctua-fin.com\/?attachment_id=169\" class=\"wp-image-169\" srcset=\"https:\/\/noctua-fin.com\/wp-content\/uploads\/2021\/06\/15.jpg 934w, https:\/\/noctua-fin.com\/wp-content\/uploads\/2021\/06\/15-300x227.jpg 300w, https:\/\/noctua-fin.com\/wp-content\/uploads\/2021\/06\/15-768x582.jpg 768w\" sizes=\"auto, (max-width: 934px) 100vw, 934px\" \/><\/figure><\/li><li class=\"blocks-gallery-item\"><figure><img loading=\"lazy\" decoding=\"async\" width=\"940\" height=\"703\" src=\"http:\/\/noctua-fin.com\/wp-content\/uploads\/2021\/06\/20.jpg\" alt=\"\" data-id=\"170\" data-full-url=\"http:\/\/noctua-fin.com\/wp-content\/uploads\/2021\/06\/20.jpg\" data-link=\"http:\/\/noctua-fin.com\/?attachment_id=170\" class=\"wp-image-170\" srcset=\"https:\/\/noctua-fin.com\/wp-content\/uploads\/2021\/06\/20.jpg 940w, https:\/\/noctua-fin.com\/wp-content\/uploads\/2021\/06\/20-300x224.jpg 300w, https:\/\/noctua-fin.com\/wp-content\/uploads\/2021\/06\/20-768x574.jpg 768w\" sizes=\"auto, (max-width: 940px) 100vw, 940px\" \/><\/figure><\/li><li class=\"blocks-gallery-item\"><figure><img loading=\"lazy\" decoding=\"async\" width=\"589\" height=\"788\" src=\"http:\/\/noctua-fin.com\/wp-content\/uploads\/2021\/06\/1.jpg\" alt=\"\" data-id=\"163\" data-full-url=\"http:\/\/noctua-fin.com\/wp-content\/uploads\/2021\/06\/1.jpg\" data-link=\"http:\/\/noctua-fin.com\/?attachment_id=163\" class=\"wp-image-163\" srcset=\"https:\/\/noctua-fin.com\/wp-content\/uploads\/2021\/06\/1.jpg 589w, https:\/\/noctua-fin.com\/wp-content\/uploads\/2021\/06\/1-224x300.jpg 224w\" sizes=\"auto, (max-width: 589px) 100vw, 589px\" \/><\/figure><\/li><li class=\"blocks-gallery-item\"><figure><img loading=\"lazy\" decoding=\"async\" width=\"940\" height=\"710\" src=\"http:\/\/noctua-fin.com\/wp-content\/uploads\/2021\/06\/4.jpg\" alt=\"\" data-id=\"164\" data-full-url=\"http:\/\/noctua-fin.com\/wp-content\/uploads\/2021\/06\/4.jpg\" data-link=\"http:\/\/noctua-fin.com\/?attachment_id=164\" class=\"wp-image-164\" srcset=\"https:\/\/noctua-fin.com\/wp-content\/uploads\/2021\/06\/4.jpg 940w, https:\/\/noctua-fin.com\/wp-content\/uploads\/2021\/06\/4-300x227.jpg 300w, https:\/\/noctua-fin.com\/wp-content\/uploads\/2021\/06\/4-768x580.jpg 768w\" sizes=\"auto, (max-width: 940px) 100vw, 940px\" \/><\/figure><\/li><li class=\"blocks-gallery-item\"><figure><img loading=\"lazy\" decoding=\"async\" width=\"940\" height=\"736\" src=\"http:\/\/noctua-fin.com\/wp-content\/uploads\/2021\/06\/5.jpg\" alt=\"\" data-id=\"165\" data-full-url=\"http:\/\/noctua-fin.com\/wp-content\/uploads\/2021\/06\/5.jpg\" data-link=\"http:\/\/noctua-fin.com\/?attachment_id=165\" class=\"wp-image-165\" srcset=\"https:\/\/noctua-fin.com\/wp-content\/uploads\/2021\/06\/5.jpg 940w, https:\/\/noctua-fin.com\/wp-content\/uploads\/2021\/06\/5-300x235.jpg 300w, https:\/\/noctua-fin.com\/wp-content\/uploads\/2021\/06\/5-768x601.jpg 768w\" sizes=\"auto, (max-width: 940px) 100vw, 940px\" \/><\/figure><\/li><li class=\"blocks-gallery-item\"><figure><img loading=\"lazy\" decoding=\"async\" width=\"940\" height=\"703\" src=\"http:\/\/noctua-fin.com\/wp-content\/uploads\/2021\/06\/6.jpg\" alt=\"\" data-id=\"166\" data-full-url=\"http:\/\/noctua-fin.com\/wp-content\/uploads\/2021\/06\/6.jpg\" data-link=\"http:\/\/noctua-fin.com\/?attachment_id=166\" class=\"wp-image-166\" srcset=\"https:\/\/noctua-fin.com\/wp-content\/uploads\/2021\/06\/6.jpg 940w, https:\/\/noctua-fin.com\/wp-content\/uploads\/2021\/06\/6-300x224.jpg 300w, https:\/\/noctua-fin.com\/wp-content\/uploads\/2021\/06\/6-768x574.jpg 768w\" sizes=\"auto, (max-width: 940px) 100vw, 940px\" \/><\/figure><\/li><li class=\"blocks-gallery-item\"><figure><img loading=\"lazy\" decoding=\"async\" width=\"940\" height=\"703\" src=\"http:\/\/noctua-fin.com\/wp-content\/uploads\/2021\/06\/8.jpg\" alt=\"\" data-id=\"167\" data-full-url=\"http:\/\/noctua-fin.com\/wp-content\/uploads\/2021\/06\/8.jpg\" data-link=\"http:\/\/noctua-fin.com\/?attachment_id=167\" class=\"wp-image-167\" srcset=\"https:\/\/noctua-fin.com\/wp-content\/uploads\/2021\/06\/8.jpg 940w, https:\/\/noctua-fin.com\/wp-content\/uploads\/2021\/06\/8-300x224.jpg 300w, https:\/\/noctua-fin.com\/wp-content\/uploads\/2021\/06\/8-768x574.jpg 768w\" sizes=\"auto, (max-width: 940px) 100vw, 940px\" \/><\/figure><\/li><li class=\"blocks-gallery-item\"><figure><img loading=\"lazy\" decoding=\"async\" width=\"940\" height=\"700\" src=\"http:\/\/noctua-fin.com\/wp-content\/uploads\/2021\/06\/12.jpg\" alt=\"\" data-id=\"168\" data-full-url=\"http:\/\/noctua-fin.com\/wp-content\/uploads\/2021\/06\/12.jpg\" data-link=\"http:\/\/noctua-fin.com\/?attachment_id=168\" class=\"wp-image-168\" srcset=\"https:\/\/noctua-fin.com\/wp-content\/uploads\/2021\/06\/12.jpg 940w, https:\/\/noctua-fin.com\/wp-content\/uploads\/2021\/06\/12-300x223.jpg 300w, https:\/\/noctua-fin.com\/wp-content\/uploads\/2021\/06\/12-768x572.jpg 768w\" sizes=\"auto, (max-width: 940px) 100vw, 940px\" \/><\/figure><\/li><\/ul><\/figure>\n\n\n\n<p>Na sprzeda\u017c dzia\u0142ka przemys\u0142owa o powierzchni 18008 m2 w \u015awidniku przy ul. Nadle\u015bnej.<br>Wymiary dzia\u0142ki: 60,02mx300m<br><br>Nieruchomo\u015b\u0107 znajduje si\u0119 w Strefie Aktywno\u015bci Gospodarczej w \u015awidniku, jest to blisko 200 \u2013 hektarowy obszar, od strony wschodniej s\u0105siaduje z Portem Lotniczym Lublin, a od zachodniej z lini\u0105 kolejow\u0105. Od p\u00f3\u0142nocy graniczy z drog\u0105 wojew\u00f3dzk\u0105 nr 822, a od po\u0142udnia z lini\u0105 kolejow\u0105 nr 7 Warszawa-Dorohusk.<br>Droga dojazdowa do dzia\u0142ki jest bezpo\u015brednio po\u0142\u0105czona z tras\u0105 S12 S19.<\/p>\n\n\n\n<p><br>W planie zagospodarowania przestrzennego dzia\u0142ka oznaczona jest symbolem PU (produkcja, sk\u0142ady i magazyny oraz zabudowa us\u0142ugowa).<\/p>\n\n\n\n<p><br>Zapraszamy do kontaktu:<br>Noctua Finanse i Nieruchomo\u015bci<br>tel.: 81 307 60 22 \/ 667 045 327<br>mail.: biuro.swidnik2@noctua-fin.com<\/p>\n","protected":false},"excerpt":{"rendered":"<p>Sprzedane Zobacz na OTODOM \/ OLX Sprzedane Na sprzeda\u017c dzia\u0142ka przemys\u0142owa o powierzchni 18008 m2 w \u015awidniku przy ul. Nadle\u015bnej.Wymiary dzia\u0142ki: 60,02mx300m Nieruchomo\u015b\u0107 znajduje si\u0119 w Strefie Aktywno\u015bci Gospodarczej w \u015awidniku, jest to blisko 200 \u2013 hektarowy obszar, od strony wschodniej s\u0105siaduje z Portem Lotniczym Lublin, a od zachodniej z lini\u0105 kolejow\u0105. Od p\u00f3\u0142nocy graniczy [&hellip;]<\/p>\n","protected":false},"author":1,"featured_media":0,"parent":0,"menu_order":0,"comment_status":"closed","ping_status":"closed","template":"","meta":{"footnotes":""},"class_list":["post-162","page","type-page","status-publish","hentry"],"_links":{"self":[{"href":"https:\/\/noctua-fin.com\/index.php\/wp-json\/wp\/v2\/pages\/162","targetHints":{"allow":["GET"]}}],"collection":[{"href":"https:\/\/noctua-fin.com\/index.php\/wp-json\/wp\/v2\/pages"}],"about":[{"href":"https:\/\/noctua-fin.com\/index.php\/wp-json\/wp\/v2\/types\/page"}],"author":[{"embeddable":true,"href":"https:\/\/noctua-fin.com\/index.php\/wp-json\/wp\/v2\/users\/1"}],"replies":[{"embeddable":true,"href":"https:\/\/noctua-fin.com\/index.php\/wp-json\/wp\/v2\/comments?post=162"}],"version-history":[{"count":3,"href":"https:\/\/noctua-fin.com\/index.php\/wp-json\/wp\/v2\/pages\/162\/revisions"}],"predecessor-version":[{"id":200,"href":"https:\/\/noctua-fin.com\/index.php\/wp-json\/wp\/v2\/pages\/162\/revisions\/200"}],"wp:attachment":[{"href":"https:\/\/noctua-fin.com\/index.php\/wp-json\/wp\/v2\/media?parent=162"}],"curies":[{"name":"wp","href":"https:\/\/api.w.org\/{rel}","templated":true}]}}