{"id":178,"date":"2021-06-17T11:21:42","date_gmt":"2021-06-17T11:21:42","guid":{"rendered":"http:\/\/noctua-fin.com\/?page_id=178"},"modified":"2021-10-16T09:32:56","modified_gmt":"2021-10-16T09:32:56","slug":"dzialka-przemyslowa-swidnik-18081-m2","status":"publish","type":"page","link":"https:\/\/noctua-fin.com\/index.php\/dzialka-przemyslowa-swidnik-18081-m2\/","title":{"rendered":"Dzia\u0142ka przemys\u0142owa \u015awidnik 18081 m2"},"content":{"rendered":"\n<p><strong>Sprzedane<\/strong><\/p>\n\n\n\n<p><a rel=\"noreferrer noopener\" href=\"https:\/\/www.otodom.pl\/pl\/oferta\/ostatnie-dzialki-w-strefie-aktywnosci-gospodarczej-ID4bXLV.html?\" target=\"_blank\">Zobacz na OTODOM \/ OLX<\/a><\/p>\n\n\n\n<p><strong>Sprzedane<\/strong><\/p>\n\n\n\n<figure class=\"wp-block-gallery columns-3 is-cropped wp-block-gallery-1 is-layout-flex wp-block-gallery-is-layout-flex\"><ul class=\"blocks-gallery-grid\"><li class=\"blocks-gallery-item\"><figure><img loading=\"lazy\" decoding=\"async\" width=\"1024\" height=\"472\" src=\"http:\/\/noctua-fin.com\/wp-content\/uploads\/2021\/06\/geoportal-dzialka-76-1024x472.jpg\" alt=\"\" data-id=\"187\" data-full-url=\"http:\/\/noctua-fin.com\/wp-content\/uploads\/2021\/06\/geoportal-dzialka-76.jpg\" data-link=\"http:\/\/noctua-fin.com\/?attachment_id=187\" class=\"wp-image-187\" srcset=\"https:\/\/noctua-fin.com\/wp-content\/uploads\/2021\/06\/geoportal-dzialka-76-1024x472.jpg 1024w, https:\/\/noctua-fin.com\/wp-content\/uploads\/2021\/06\/geoportal-dzialka-76-300x138.jpg 300w, https:\/\/noctua-fin.com\/wp-content\/uploads\/2021\/06\/geoportal-dzialka-76-768x354.jpg 768w, https:\/\/noctua-fin.com\/wp-content\/uploads\/2021\/06\/geoportal-dzialka-76-1536x708.jpg 1536w, https:\/\/noctua-fin.com\/wp-content\/uploads\/2021\/06\/geoportal-dzialka-76-1568x723.jpg 1568w, https:\/\/noctua-fin.com\/wp-content\/uploads\/2021\/06\/geoportal-dzialka-76.jpg 1890w\" sizes=\"auto, (max-width: 1024px) 100vw, 1024px\" \/><\/figure><\/li><li class=\"blocks-gallery-item\"><figure><img loading=\"lazy\" decoding=\"async\" width=\"940\" height=\"704\" src=\"http:\/\/noctua-fin.com\/wp-content\/uploads\/2021\/06\/18.jpg\" alt=\"\" data-id=\"185\" data-full-url=\"http:\/\/noctua-fin.com\/wp-content\/uploads\/2021\/06\/18.jpg\" data-link=\"http:\/\/noctua-fin.com\/?attachment_id=185\" class=\"wp-image-185\" srcset=\"https:\/\/noctua-fin.com\/wp-content\/uploads\/2021\/06\/18.jpg 940w, https:\/\/noctua-fin.com\/wp-content\/uploads\/2021\/06\/18-300x225.jpg 300w, https:\/\/noctua-fin.com\/wp-content\/uploads\/2021\/06\/18-768x575.jpg 768w\" sizes=\"auto, (max-width: 940px) 100vw, 940px\" \/><\/figure><\/li><li class=\"blocks-gallery-item\"><figure><img loading=\"lazy\" decoding=\"async\" width=\"940\" height=\"703\" src=\"http:\/\/noctua-fin.com\/wp-content\/uploads\/2021\/06\/20-1.jpg\" alt=\"\" data-id=\"186\" data-full-url=\"http:\/\/noctua-fin.com\/wp-content\/uploads\/2021\/06\/20-1.jpg\" data-link=\"http:\/\/noctua-fin.com\/?attachment_id=186\" class=\"wp-image-186\" srcset=\"https:\/\/noctua-fin.com\/wp-content\/uploads\/2021\/06\/20-1.jpg 940w, https:\/\/noctua-fin.com\/wp-content\/uploads\/2021\/06\/20-1-300x224.jpg 300w, https:\/\/noctua-fin.com\/wp-content\/uploads\/2021\/06\/20-1-768x574.jpg 768w\" sizes=\"auto, (max-width: 940px) 100vw, 940px\" \/><\/figure><\/li><li class=\"blocks-gallery-item\"><figure><img loading=\"lazy\" decoding=\"async\" width=\"589\" height=\"788\" src=\"http:\/\/noctua-fin.com\/wp-content\/uploads\/2021\/06\/1-1.jpg\" alt=\"\" data-id=\"179\" data-full-url=\"http:\/\/noctua-fin.com\/wp-content\/uploads\/2021\/06\/1-1.jpg\" data-link=\"http:\/\/noctua-fin.com\/?attachment_id=179\" class=\"wp-image-179\" srcset=\"https:\/\/noctua-fin.com\/wp-content\/uploads\/2021\/06\/1-1.jpg 589w, https:\/\/noctua-fin.com\/wp-content\/uploads\/2021\/06\/1-1-224x300.jpg 224w\" sizes=\"auto, (max-width: 589px) 100vw, 589px\" \/><\/figure><\/li><li class=\"blocks-gallery-item\"><figure><img loading=\"lazy\" decoding=\"async\" width=\"940\" height=\"705\" src=\"http:\/\/noctua-fin.com\/wp-content\/uploads\/2021\/06\/2.jpg\" alt=\"\" data-id=\"180\" data-full-url=\"http:\/\/noctua-fin.com\/wp-content\/uploads\/2021\/06\/2.jpg\" data-link=\"http:\/\/noctua-fin.com\/?attachment_id=180\" class=\"wp-image-180\" srcset=\"https:\/\/noctua-fin.com\/wp-content\/uploads\/2021\/06\/2.jpg 940w, https:\/\/noctua-fin.com\/wp-content\/uploads\/2021\/06\/2-300x225.jpg 300w, https:\/\/noctua-fin.com\/wp-content\/uploads\/2021\/06\/2-768x576.jpg 768w\" sizes=\"auto, (max-width: 940px) 100vw, 940px\" \/><\/figure><\/li><li class=\"blocks-gallery-item\"><figure><img loading=\"lazy\" decoding=\"async\" width=\"940\" height=\"736\" src=\"http:\/\/noctua-fin.com\/wp-content\/uploads\/2021\/06\/5-1.jpg\" alt=\"\" data-id=\"181\" data-full-url=\"http:\/\/noctua-fin.com\/wp-content\/uploads\/2021\/06\/5-1.jpg\" data-link=\"http:\/\/noctua-fin.com\/?attachment_id=181\" class=\"wp-image-181\" srcset=\"https:\/\/noctua-fin.com\/wp-content\/uploads\/2021\/06\/5-1.jpg 940w, https:\/\/noctua-fin.com\/wp-content\/uploads\/2021\/06\/5-1-300x235.jpg 300w, https:\/\/noctua-fin.com\/wp-content\/uploads\/2021\/06\/5-1-768x601.jpg 768w\" sizes=\"auto, (max-width: 940px) 100vw, 940px\" \/><\/figure><\/li><li class=\"blocks-gallery-item\"><figure><img loading=\"lazy\" decoding=\"async\" width=\"940\" height=\"703\" src=\"http:\/\/noctua-fin.com\/wp-content\/uploads\/2021\/06\/6-1.jpg\" alt=\"\" data-id=\"182\" data-full-url=\"http:\/\/noctua-fin.com\/wp-content\/uploads\/2021\/06\/6-1.jpg\" data-link=\"http:\/\/noctua-fin.com\/?attachment_id=182\" class=\"wp-image-182\" srcset=\"https:\/\/noctua-fin.com\/wp-content\/uploads\/2021\/06\/6-1.jpg 940w, https:\/\/noctua-fin.com\/wp-content\/uploads\/2021\/06\/6-1-300x224.jpg 300w, https:\/\/noctua-fin.com\/wp-content\/uploads\/2021\/06\/6-1-768x574.jpg 768w\" sizes=\"auto, (max-width: 940px) 100vw, 940px\" \/><\/figure><\/li><li class=\"blocks-gallery-item\"><figure><img loading=\"lazy\" decoding=\"async\" width=\"940\" height=\"703\" src=\"http:\/\/noctua-fin.com\/wp-content\/uploads\/2021\/06\/8-1.jpg\" alt=\"\" data-id=\"183\" data-full-url=\"http:\/\/noctua-fin.com\/wp-content\/uploads\/2021\/06\/8-1.jpg\" data-link=\"http:\/\/noctua-fin.com\/?attachment_id=183\" class=\"wp-image-183\" srcset=\"https:\/\/noctua-fin.com\/wp-content\/uploads\/2021\/06\/8-1.jpg 940w, https:\/\/noctua-fin.com\/wp-content\/uploads\/2021\/06\/8-1-300x224.jpg 300w, https:\/\/noctua-fin.com\/wp-content\/uploads\/2021\/06\/8-1-768x574.jpg 768w\" sizes=\"auto, (max-width: 940px) 100vw, 940px\" \/><\/figure><\/li><li class=\"blocks-gallery-item\"><figure><img loading=\"lazy\" decoding=\"async\" width=\"940\" height=\"701\" src=\"http:\/\/noctua-fin.com\/wp-content\/uploads\/2021\/06\/9.jpg\" alt=\"\" data-id=\"184\" data-full-url=\"http:\/\/noctua-fin.com\/wp-content\/uploads\/2021\/06\/9.jpg\" data-link=\"http:\/\/noctua-fin.com\/?attachment_id=184\" class=\"wp-image-184\" srcset=\"https:\/\/noctua-fin.com\/wp-content\/uploads\/2021\/06\/9.jpg 940w, https:\/\/noctua-fin.com\/wp-content\/uploads\/2021\/06\/9-300x224.jpg 300w, https:\/\/noctua-fin.com\/wp-content\/uploads\/2021\/06\/9-768x573.jpg 768w\" sizes=\"auto, (max-width: 940px) 100vw, 940px\" \/><\/figure><\/li><\/ul><\/figure>\n\n\n\n<p>Na sprzeda\u017c dzia\u0142ka przemys\u0142owa o powierzchni 18081 m2 w \u015awidniku przy ul. Nadle\u015bnej.<\/p>\n\n\n\n<p>Wymiary dzia\u0142ki: 60,27mx300m<br><br>Nieruchomo\u015b\u0107 znajduje si\u0119 w Strefie Aktywno\u015bci Gospodarczej w \u015awidniku, jest to blisko 200 \u2013 hektarowy obszar, od strony wschodniej s\u0105siaduje z Portem Lotniczym Lublin, a od zachodniej z lini\u0105 kolejow\u0105. Od p\u00f3\u0142nocy graniczy z drog\u0105 wojew\u00f3dzk\u0105 nr 822, a od po\u0142udnia z lini\u0105 kolejow\u0105 nr 7 Warszawa-Dorohusk.<br>Droga dojazdowa do dzia\u0142ki jest bezpo\u015brednio po\u0142\u0105czona z tras\u0105 S12 S19.<\/p>\n\n\n\n<p><br>W planie zagospodarowania przestrzennego dzia\u0142ka oznaczona jest symbolem PU (produkcja, sk\u0142ady i magazyny oraz zabudowa us\u0142ugowa).<br><\/p>\n\n\n\n<p>Zapraszamy do kontaktu:<br>Noctua Finanse i Nieruchomo\u015bci<br>tel.: 81 307 60 22 \/ 667 045 327<br>mail.: biuro.swidnik2@noctua-fin.com<\/p>\n","protected":false},"excerpt":{"rendered":"<p>Sprzedane Zobacz na OTODOM \/ OLX Sprzedane Na sprzeda\u017c dzia\u0142ka przemys\u0142owa o powierzchni 18081 m2 w \u015awidniku przy ul. Nadle\u015bnej. Wymiary dzia\u0142ki: 60,27mx300m Nieruchomo\u015b\u0107 znajduje si\u0119 w Strefie Aktywno\u015bci Gospodarczej w \u015awidniku, jest to blisko 200 \u2013 hektarowy obszar, od strony wschodniej s\u0105siaduje z Portem Lotniczym Lublin, a od zachodniej z lini\u0105 kolejow\u0105. Od p\u00f3\u0142nocy [&hellip;]<\/p>\n","protected":false},"author":1,"featured_media":0,"parent":0,"menu_order":0,"comment_status":"closed","ping_status":"closed","template":"","meta":{"footnotes":""},"class_list":["post-178","page","type-page","status-publish","hentry"],"_links":{"self":[{"href":"https:\/\/noctua-fin.com\/index.php\/wp-json\/wp\/v2\/pages\/178","targetHints":{"allow":["GET"]}}],"collection":[{"href":"https:\/\/noctua-fin.com\/index.php\/wp-json\/wp\/v2\/pages"}],"about":[{"href":"https:\/\/noctua-fin.com\/index.php\/wp-json\/wp\/v2\/types\/page"}],"author":[{"embeddable":true,"href":"https:\/\/noctua-fin.com\/index.php\/wp-json\/wp\/v2\/users\/1"}],"replies":[{"embeddable":true,"href":"https:\/\/noctua-fin.com\/index.php\/wp-json\/wp\/v2\/comments?post=178"}],"version-history":[{"count":3,"href":"https:\/\/noctua-fin.com\/index.php\/wp-json\/wp\/v2\/pages\/178\/revisions"}],"predecessor-version":[{"id":202,"href":"https:\/\/noctua-fin.com\/index.php\/wp-json\/wp\/v2\/pages\/178\/revisions\/202"}],"wp:attachment":[{"href":"https:\/\/noctua-fin.com\/index.php\/wp-json\/wp\/v2\/media?parent=178"}],"curies":[{"name":"wp","href":"https:\/\/api.w.org\/{rel}","templated":true}]}}