{"id":204,"date":"2021-10-16T10:38:44","date_gmt":"2021-10-16T10:38:44","guid":{"rendered":"http:\/\/noctua-fin.com\/?page_id=204"},"modified":"2023-02-21T10:24:46","modified_gmt":"2023-02-21T10:24:46","slug":"powierzchnia-biurowa-swidnik-200-m2","status":"publish","type":"page","link":"https:\/\/noctua-fin.com\/index.php\/powierzchnia-biurowa-swidnik-200-m2\/","title":{"rendered":"Powierzchnia biurowa \u015awidnik 200 m2"},"content":{"rendered":"\n<h4 class=\"wp-block-heading\">9 000 z\u0142<\/h4>\n\n\n\n<p><a rel=\"noreferrer noopener\" href=\"https:\/\/www.olx.pl\/d\/oferta\/lokal-uslugowy-w-strefie-aktywnosci-gospodarczej-w-swidniku-CID3-IDLtxCJ.html#0bfd94f9ad\" target=\"_blank\">Zobacz na OLX<\/a><\/p>\n\n\n\n<h4 class=\"wp-block-heading\">45 z\u0142\/m<sup>2<\/sup><\/h4>\n\n\n\n<figure class=\"wp-block-gallery has-nested-images columns-default is-cropped wp-block-gallery-1 is-layout-flex wp-block-gallery-is-layout-flex\">\n<figure class=\"wp-block-image size-large\"><img loading=\"lazy\" decoding=\"async\" width=\"1000\" height=\"563\" data-id=\"244\" src=\"http:\/\/noctua-fin.com\/wp-content\/uploads\/2021\/12\/12.jpg\" alt=\"\" class=\"wp-image-244\" srcset=\"https:\/\/noctua-fin.com\/wp-content\/uploads\/2021\/12\/12.jpg 1000w, https:\/\/noctua-fin.com\/wp-content\/uploads\/2021\/12\/12-300x169.jpg 300w, https:\/\/noctua-fin.com\/wp-content\/uploads\/2021\/12\/12-768x432.jpg 768w\" sizes=\"auto, (max-width: 1000px) 100vw, 1000px\" \/><\/figure>\n<\/figure>\n\n\n\n<p>Do wynaj\u0119cia 200m2 powierzchni biurowej na I pi\u0119trze powstaj\u0105cego budynku us\u0142ugowego przy ul. Poprzecznej 4 w \u015awidniku (nowopowsta\u0142a Strefa Aktywno\u015bci Gospodarczej \u015awidnik). Dojazd do nieruchomo\u015bci drog\u0105 asfaltow\u0105, przy budynku zaplanowano miejsca postojowe (za dodatkow\u0105 op\u0142at\u0105 mo\u017cliwe zarezerwowanie miejsca na wy\u0142\u0105czno\u015b\u0107).<br>Teren jest doskonale skomunikowany, posiada dojazd do drogi S12 i znajduje si\u0119 w niedalekim s\u0105siedztwie Portu Lotniczego Lublin. W pobli\u017cu zlokalizowany jest przystanek MPK (linia nr 5) oraz firmy kurierskie (m.in. DB i UPS)<\/p>\n\n\n\n<p>Nieruchomo\u015b\u0107 w trakcie budowy, przewidziany czas oddania do u\u017cytku to II po\u0142owa 2024r. W projekcie przewidziane s\u0105 wy\u0142\u0105cznie klatki schodowe. Istnieje mo\u017cliwo\u015b\u0107 wydzielenia mniejszych cz\u0119\u015bci oraz dostosowania adaptacji do potrzeb wynajmuj\u0105cego. W budynku toaleta zbiorcza na pi\u0119trze.<\/p>\n\n\n\n<p>W pozosta\u0142ej cz\u0119\u015bci lokalu b\u0119d\u0105 znajdowa\u0142y si\u0119 firmy zajmuj\u0105ce si\u0119 produkcj\u0105 urz\u0105dze\u0144 elektronicznych, kamer i rejestrator\u00f3w z transmisj\u0105 \u015bwiat\u0142owodow\u0105 do monitoringu proces\u00f3w i ochrony mienia oraz wsparcia monitoringu transportu kolejowego.<\/p>\n\n\n\n<p>Cena najmu: 45z\u0142 +VAT\/m2.<br>Op\u0142aty:<br>pr\u0105d rozliczany na podstawie licznika<br>woda, C.O., \u015bcieki w czynszu<\/p>\n\n\n\n<p>Powy\u017csze og\u0142oszenie nie stanowi oferty w rozumieniu Kodeksu Cywilnego i ma charakter wy\u0142\u0105cznie informacyjny.<\/p>\n\n\n\n<p>Zapraszamy do kontaktu:<br>Noctua Finanse i Nieruchomo\u015bci<br>tel.: 81 307 60 22 \/ 667 045 327<br>mail.: biuro.swidnik2@noctua-fin.com<\/p>\n","protected":false},"excerpt":{"rendered":"<p>9 000 z\u0142 Zobacz na OLX 45 z\u0142\/m2 Do wynaj\u0119cia 200m2 powierzchni biurowej na I pi\u0119trze powstaj\u0105cego budynku us\u0142ugowego przy ul. Poprzecznej 4 w \u015awidniku (nowopowsta\u0142a Strefa Aktywno\u015bci Gospodarczej \u015awidnik). Dojazd do nieruchomo\u015bci drog\u0105 asfaltow\u0105, przy budynku zaplanowano miejsca postojowe (za dodatkow\u0105 op\u0142at\u0105 mo\u017cliwe zarezerwowanie miejsca na wy\u0142\u0105czno\u015b\u0107).Teren jest doskonale skomunikowany, posiada dojazd do drogi [&hellip;]<\/p>\n","protected":false},"author":1,"featured_media":0,"parent":0,"menu_order":0,"comment_status":"closed","ping_status":"closed","template":"","meta":{"footnotes":""},"class_list":["post-204","page","type-page","status-publish","hentry"],"_links":{"self":[{"href":"https:\/\/noctua-fin.com\/index.php\/wp-json\/wp\/v2\/pages\/204","targetHints":{"allow":["GET"]}}],"collection":[{"href":"https:\/\/noctua-fin.com\/index.php\/wp-json\/wp\/v2\/pages"}],"about":[{"href":"https:\/\/noctua-fin.com\/index.php\/wp-json\/wp\/v2\/types\/page"}],"author":[{"embeddable":true,"href":"https:\/\/noctua-fin.com\/index.php\/wp-json\/wp\/v2\/users\/1"}],"replies":[{"embeddable":true,"href":"https:\/\/noctua-fin.com\/index.php\/wp-json\/wp\/v2\/comments?post=204"}],"version-history":[{"count":7,"href":"https:\/\/noctua-fin.com\/index.php\/wp-json\/wp\/v2\/pages\/204\/revisions"}],"predecessor-version":[{"id":386,"href":"https:\/\/noctua-fin.com\/index.php\/wp-json\/wp\/v2\/pages\/204\/revisions\/386"}],"wp:attachment":[{"href":"https:\/\/noctua-fin.com\/index.php\/wp-json\/wp\/v2\/media?parent=204"}],"curies":[{"name":"wp","href":"https:\/\/api.w.org\/{rel}","templated":true}]}}