{"id":21,"date":"2021-04-05T11:31:40","date_gmt":"2021-04-05T11:31:40","guid":{"rendered":"https:\/\/noctua-fin.com\/?page_id=21"},"modified":"2021-12-15T17:05:13","modified_gmt":"2021-12-15T17:05:13","slug":"ogrod","status":"publish","type":"page","link":"https:\/\/noctua-fin.com\/index.php\/ogrod\/","title":{"rendered":"Ogr\u00f3d"},"content":{"rendered":"\n<h4 class=\"wp-block-heading\"><a href=\"http:\/\/noctua-fin.com\/index.php\/abonament\/\">Wybierz Abonament dla Ciebie <em>&gt;&gt; sprawd\u017a &lt;&lt;<\/em><\/a><\/h4>\n\n\n\n<h3 class=\"wp-block-heading\">Piel\u0119gnacja<\/h3>\n\n\n\n<h4 class=\"wp-block-heading\">Drzewa i krzewy owocowe<\/h4>\n\n\n\n<ul class=\"wp-block-list\"><li>Bielenie drzew owocowych<\/li><li>Nawo\u017cenie (wiosna, jesie\u0144)<\/li><li>Opryski (Miedzian &#8211; choroby grzybowe &#8211; fungicydy, bakterie &#8211; bakteriocydy; Mospilan 20sp &#8211; owady &#8211; insektocydy)<\/li><li>Przycinanie drzew owocowych do 2 metr\u00f3w wysoko\u015bci, do 3 metr\u00f3w wysoko\u015bci<\/li><li>Wycinanie krzew\u00f3w i drzew owocowych<\/li><li>Rozdrabnianie ga\u0142\u0119zi<\/li><li>Usuwanie odpad\u00f3w zielonych<\/li><\/ul>\n\n\n\n<h4 class=\"wp-block-heading\">Trawnik<\/h4>\n\n\n\n<ul class=\"wp-block-list\" id=\"block-e1d11edc-f04d-4c9e-9234-156cd8adeb5c\"><li>Opryski (przeciw p\u0119drakom i nicieniom)<\/li><li>Nawo\u017cenie (wiosna, jesie\u0144)<\/li><li>Wertykulacja<\/li><li>Koszenie trawnik\u00f3w bez kosza<\/li><li>Koszenie trawnik\u00f3w z koszem<\/li><li>Koszenie kos\u0105 spalinow\u0105<\/li><li>Zbi\u00f3r pokosu z\/bez rozdrabniania<\/li><li>Usuwanie odpad\u00f3w zielonych<\/li><\/ul>\n\n\n\n<h3 class=\"wp-block-heading\">Aran\u017cacja<\/h3>\n\n\n\n<ul class=\"wp-block-list\"><li>Za\u0142o\u017cenie trawnika z siewu<\/li><li>Uk\u0142adanie siatki przeciw kretom<\/li><li>Przygotowanie gleby pod uprawy (glebogryzarka)<\/li><li>Przygotowanie gleby pod uprawy (nawo\u017cenie kompostem lub obornikiem)<\/li><li>Nasadzenia drzew owocowych<\/li><li>Nasadzenia \u017cywop\u0142ot\u00f3w w tym Tuje<\/li><li>Opaski wok\u00f3\u0142 budynk\u00f3w<\/li><li>Altany<\/li><li>Pergole<\/li><li>Nawodnienie<\/li><li>Zbiorniki na deszcz\u00f3wk\u0119 z Dofinansowaniem<\/li><li>Kompostowniki<\/li><\/ul>\n\n\n\n<h3 class=\"wp-block-heading\">Od\u015bnie\u017canie <\/h3>\n\n\n\n<p><\/p>\n","protected":false},"excerpt":{"rendered":"<p>Wybierz Abonament dla Ciebie &gt;&gt; sprawd\u017a &lt;&lt; Piel\u0119gnacja Drzewa i krzewy owocowe Bielenie drzew owocowych Nawo\u017cenie (wiosna, jesie\u0144) Opryski (Miedzian &#8211; choroby grzybowe &#8211; fungicydy, bakterie &#8211; bakteriocydy; Mospilan 20sp &#8211; owady &#8211; insektocydy) Przycinanie drzew owocowych do 2 metr\u00f3w wysoko\u015bci, do 3 metr\u00f3w wysoko\u015bci Wycinanie krzew\u00f3w i drzew owocowych Rozdrabnianie ga\u0142\u0119zi Usuwanie odpad\u00f3w zielonych [&hellip;]<\/p>\n","protected":false},"author":1,"featured_media":0,"parent":0,"menu_order":0,"comment_status":"closed","ping_status":"closed","template":"","meta":{"footnotes":""},"class_list":["post-21","page","type-page","status-publish","hentry"],"_links":{"self":[{"href":"https:\/\/noctua-fin.com\/index.php\/wp-json\/wp\/v2\/pages\/21","targetHints":{"allow":["GET"]}}],"collection":[{"href":"https:\/\/noctua-fin.com\/index.php\/wp-json\/wp\/v2\/pages"}],"about":[{"href":"https:\/\/noctua-fin.com\/index.php\/wp-json\/wp\/v2\/types\/page"}],"author":[{"embeddable":true,"href":"https:\/\/noctua-fin.com\/index.php\/wp-json\/wp\/v2\/users\/1"}],"replies":[{"embeddable":true,"href":"https:\/\/noctua-fin.com\/index.php\/wp-json\/wp\/v2\/comments?post=21"}],"version-history":[{"count":17,"href":"https:\/\/noctua-fin.com\/index.php\/wp-json\/wp\/v2\/pages\/21\/revisions"}],"predecessor-version":[{"id":212,"href":"https:\/\/noctua-fin.com\/index.php\/wp-json\/wp\/v2\/pages\/21\/revisions\/212"}],"wp:attachment":[{"href":"https:\/\/noctua-fin.com\/index.php\/wp-json\/wp\/v2\/media?parent=21"}],"curies":[{"name":"wp","href":"https:\/\/api.w.org\/{rel}","templated":true}]}}