{"id":219,"date":"2021-12-22T07:23:02","date_gmt":"2021-12-22T07:23:02","guid":{"rendered":"http:\/\/noctua-fin.com\/?page_id=219"},"modified":"2022-05-18T15:10:02","modified_gmt":"2022-05-18T15:10:02","slug":"lokal-uslugowy-lublin-40m2","status":"publish","type":"page","link":"https:\/\/noctua-fin.com\/index.php\/lokal-uslugowy-lublin-40m2\/","title":{"rendered":"Lokal us\u0142ugowy Lublin 40m2, 2 miejsca parkingowe, 6,35% zwrotu z inwestycji"},"content":{"rendered":"\n<h4 class=\"wp-block-heading\"><\/h4>\n\n\n\n<h4 class=\"wp-block-heading\"><a href=\"https:\/\/www.olx.pl\/d\/oferta\/lok-uslugowy-2-miejsca-parkingowe-6-35-zwrotu-z-inwestycji-CID3-IDN6eOY.html#9a0d858234\" target=\"_blank\" rel=\"noreferrer noopener\">Zobacz na OTODOM \/ OLX<\/a><\/h4>\n\n\n\n<h4 class=\"wp-block-heading\"><\/h4>\n\n\n\n<figure class=\"wp-block-gallery has-nested-images columns-default is-cropped wp-block-gallery-1 is-layout-flex wp-block-gallery-is-layout-flex\">\n<figure class=\"wp-block-image size-large\"><img loading=\"lazy\" decoding=\"async\" width=\"1024\" height=\"768\" data-id=\"233\" src=\"http:\/\/noctua-fin.com\/wp-content\/uploads\/2021\/12\/6-1024x768.jpg\" alt=\"\" class=\"wp-image-233\" srcset=\"https:\/\/noctua-fin.com\/wp-content\/uploads\/2021\/12\/6-1024x768.jpg 1024w, https:\/\/noctua-fin.com\/wp-content\/uploads\/2021\/12\/6-300x225.jpg 300w, https:\/\/noctua-fin.com\/wp-content\/uploads\/2021\/12\/6-768x576.jpg 768w, https:\/\/noctua-fin.com\/wp-content\/uploads\/2021\/12\/6.jpg 1240w\" sizes=\"auto, (max-width: 1024px) 100vw, 1024px\" \/><\/figure>\n\n\n\n<figure class=\"wp-block-image size-large\"><img loading=\"lazy\" decoding=\"async\" width=\"1024\" height=\"768\" data-id=\"228\" src=\"http:\/\/noctua-fin.com\/wp-content\/uploads\/2021\/12\/1-1024x768.jpg\" alt=\"\" class=\"wp-image-228\" srcset=\"https:\/\/noctua-fin.com\/wp-content\/uploads\/2021\/12\/1-1024x768.jpg 1024w, https:\/\/noctua-fin.com\/wp-content\/uploads\/2021\/12\/1-300x225.jpg 300w, https:\/\/noctua-fin.com\/wp-content\/uploads\/2021\/12\/1-768x576.jpg 768w, https:\/\/noctua-fin.com\/wp-content\/uploads\/2021\/12\/1.jpg 1240w\" sizes=\"auto, (max-width: 1024px) 100vw, 1024px\" \/><\/figure>\n\n\n\n<figure class=\"wp-block-image size-large\"><img loading=\"lazy\" decoding=\"async\" width=\"1024\" height=\"768\" data-id=\"229\" src=\"http:\/\/noctua-fin.com\/wp-content\/uploads\/2021\/12\/2-1024x768.jpg\" alt=\"\" class=\"wp-image-229\" srcset=\"https:\/\/noctua-fin.com\/wp-content\/uploads\/2021\/12\/2-1024x768.jpg 1024w, https:\/\/noctua-fin.com\/wp-content\/uploads\/2021\/12\/2-300x225.jpg 300w, https:\/\/noctua-fin.com\/wp-content\/uploads\/2021\/12\/2-768x576.jpg 768w, https:\/\/noctua-fin.com\/wp-content\/uploads\/2021\/12\/2.jpg 1240w\" sizes=\"auto, (max-width: 1024px) 100vw, 1024px\" \/><\/figure>\n\n\n\n<figure class=\"wp-block-image size-large\"><img loading=\"lazy\" decoding=\"async\" width=\"1024\" height=\"768\" data-id=\"230\" src=\"http:\/\/noctua-fin.com\/wp-content\/uploads\/2021\/12\/3-1024x768.jpg\" alt=\"\" class=\"wp-image-230\" srcset=\"https:\/\/noctua-fin.com\/wp-content\/uploads\/2021\/12\/3-1024x768.jpg 1024w, https:\/\/noctua-fin.com\/wp-content\/uploads\/2021\/12\/3-300x225.jpg 300w, https:\/\/noctua-fin.com\/wp-content\/uploads\/2021\/12\/3-768x576.jpg 768w, https:\/\/noctua-fin.com\/wp-content\/uploads\/2021\/12\/3.jpg 1240w\" sizes=\"auto, (max-width: 1024px) 100vw, 1024px\" \/><\/figure>\n\n\n\n<figure class=\"wp-block-image size-large\"><img loading=\"lazy\" decoding=\"async\" width=\"1024\" height=\"768\" data-id=\"231\" src=\"http:\/\/noctua-fin.com\/wp-content\/uploads\/2021\/12\/4-1024x768.jpg\" alt=\"\" class=\"wp-image-231\" srcset=\"https:\/\/noctua-fin.com\/wp-content\/uploads\/2021\/12\/4-1024x768.jpg 1024w, https:\/\/noctua-fin.com\/wp-content\/uploads\/2021\/12\/4-300x225.jpg 300w, https:\/\/noctua-fin.com\/wp-content\/uploads\/2021\/12\/4-768x576.jpg 768w, https:\/\/noctua-fin.com\/wp-content\/uploads\/2021\/12\/4.jpg 1240w\" sizes=\"auto, (max-width: 1024px) 100vw, 1024px\" \/><\/figure>\n\n\n\n<figure class=\"wp-block-image size-large\"><img loading=\"lazy\" decoding=\"async\" width=\"1024\" height=\"768\" data-id=\"232\" src=\"http:\/\/noctua-fin.com\/wp-content\/uploads\/2021\/12\/5-1024x768.jpg\" alt=\"\" class=\"wp-image-232\" srcset=\"https:\/\/noctua-fin.com\/wp-content\/uploads\/2021\/12\/5-1024x768.jpg 1024w, https:\/\/noctua-fin.com\/wp-content\/uploads\/2021\/12\/5-300x225.jpg 300w, https:\/\/noctua-fin.com\/wp-content\/uploads\/2021\/12\/5-768x576.jpg 768w, https:\/\/noctua-fin.com\/wp-content\/uploads\/2021\/12\/5.jpg 1240w\" sizes=\"auto, (max-width: 1024px) 100vw, 1024px\" \/><\/figure>\n\n\n\n<figure class=\"wp-block-image size-large\"><img loading=\"lazy\" decoding=\"async\" width=\"1024\" height=\"768\" data-id=\"234\" src=\"http:\/\/noctua-fin.com\/wp-content\/uploads\/2021\/12\/7-1024x768.jpg\" alt=\"\" class=\"wp-image-234\" srcset=\"https:\/\/noctua-fin.com\/wp-content\/uploads\/2021\/12\/7-1024x768.jpg 1024w, https:\/\/noctua-fin.com\/wp-content\/uploads\/2021\/12\/7-300x225.jpg 300w, https:\/\/noctua-fin.com\/wp-content\/uploads\/2021\/12\/7-768x576.jpg 768w, https:\/\/noctua-fin.com\/wp-content\/uploads\/2021\/12\/7.jpg 1240w\" sizes=\"auto, (max-width: 1024px) 100vw, 1024px\" \/><\/figure>\n\n\n\n<figure class=\"wp-block-image size-large\"><img loading=\"lazy\" decoding=\"async\" width=\"1240\" height=\"930\" data-id=\"235\" src=\"http:\/\/noctua-fin.com\/wp-content\/uploads\/2021\/12\/8-1024x768.jpg\" alt=\"\" class=\"wp-image-235\" srcset=\"https:\/\/noctua-fin.com\/wp-content\/uploads\/2021\/12\/8-1024x768.jpg 1024w, https:\/\/noctua-fin.com\/wp-content\/uploads\/2021\/12\/8-300x225.jpg 300w, https:\/\/noctua-fin.com\/wp-content\/uploads\/2021\/12\/8-768x576.jpg 768w, https:\/\/noctua-fin.com\/wp-content\/uploads\/2021\/12\/8.jpg 1240w\" sizes=\"auto, (max-width: 1240px) 100vw, 1240px\" \/><\/figure>\n\n\n\n<figure class=\"wp-block-image size-large\"><img loading=\"lazy\" decoding=\"async\" width=\"768\" height=\"1004\" data-id=\"236\" src=\"http:\/\/noctua-fin.com\/wp-content\/uploads\/2021\/12\/9.jpg\" alt=\"\" class=\"wp-image-236\" srcset=\"https:\/\/noctua-fin.com\/wp-content\/uploads\/2021\/12\/9.jpg 768w, https:\/\/noctua-fin.com\/wp-content\/uploads\/2021\/12\/9-229x300.jpg 229w\" sizes=\"auto, (max-width: 768px) 100vw, 768px\" \/><\/figure>\n<\/figure>\n\n\n\n<p><font style=\"vertical-align: inherit;\"><font style=\"vertical-align: inherit;\">Na biuro o powierzchni 40m2 sprzeda\u017c na parterze w centrum Lublina<\/font><font style=\"vertical-align: inherit;\">. Od ulicy wjazd na do\u015b\u0107 du\u017cy parking (do lokalu przynale\u017c\u0105 na wy\u0142\u0105czno\u015b\u0107 2 miejsca parkingowe). <\/font><font style=\"vertical-align: inherit;\">W okolicy zag\u0142\u0119bie firma z bran\u017cy wyko\u0144czeniowej.<\/font><\/font><\/p>\n\n\n\n<p>Do biura osobne wej\u015bcie z parkingu przez wiatro\u0142ap. G\u0142\u00f3wne pomieszczenie ma kszta\u0142t litery L co pozwala na wyodr\u0119bnienie dw\u00f3ch oddzielnych stref. W pomieszczeniu bardzo pojemna szafa w zabudowie oraz du\u017cy rega\u0142 z wysokimi p\u00f3\u0142kami, na pod\u0142ogach terakota \u0142\u0105czona z wyk\u0142adzin\u0105. Dalej pomieszczenie socjalne z blatem, kilkoma szafkami, zlewozmywakiem i toaleta.<\/p>\n\n\n\n<p>Istnieje mo\u017cliwo\u015b\u0107 pozostawienia widniej\u0105cych na zdj\u0119ciach mebli biurowych za dop\u0142at\u0105.<\/p>\n\n\n\n<p>Czynsz zimowy: 380z\u0142 (w czynszu ogrzewanie, woda, utrzymanie ca\u0142ego kompleksu w czysto\u015bci oraz koszty administracyjne)<br>Czynsz letni: 180z\u0142<br>Koszt o\u015bwietlenia cz\u0119\u015bci roboczej przez godzin\u0119: 0,216 kWh, pr\u0105d wg zu\u017cycia<br>W lokalu zamontowana jest instalacja alarmowa, jej cena zale\u017cna jest od wybranego abonamentu w firmie ochroniarskiej.<\/p>\n\n\n\n<p><\/p>\n\n\n\n<p>Biuro stanowi doskona\u0142\u0105 inwestycj\u0119 pod wynajem. Przyjmuj\u0105c cen\u0119 najmu na poziomie 2000z\u0142, odejmuj\u0105c koszty czynszu osi\u0105gamy 6,35% w skali roku zwrotu z inwestycji.<\/p>\n\n\n\n<p>Powy\u017csze og\u0142oszenie nie stanowi oferty w rozumieniu Kodeksu Cywilnego i ma charakter wy\u0142\u0105cznie informacyjny.<\/p>\n\n\n\n<p>Zapraszamy do kontaktu:<br>Noctua Finanse i Nieruchomo\u015bci<br>tel.: 81 307 60 22 \/ 667 045 327<br>mail.: biuro.swidnik2@noctua-fin.com<\/p>\n","protected":false},"excerpt":{"rendered":"<p>Zobacz na OTODOM \/ OLX Na biuro o powierzchni 40m2 sprzeda\u017c na parterze w centrum Lublina. Od ulicy wjazd na do\u015b\u0107 du\u017cy parking (do lokalu przynale\u017c\u0105 na wy\u0142\u0105czno\u015b\u0107 2 miejsca parkingowe). W okolicy zag\u0142\u0119bie firma z bran\u017cy wyko\u0144czeniowej. Do biura osobne wej\u015bcie z parkingu przez wiatro\u0142ap. G\u0142\u00f3wne pomieszczenie ma kszta\u0142t litery L co pozwala na [&hellip;]<\/p>\n","protected":false},"author":1,"featured_media":0,"parent":0,"menu_order":0,"comment_status":"closed","ping_status":"closed","template":"","meta":{"footnotes":""},"class_list":["post-219","page","type-page","status-publish","hentry"],"_links":{"self":[{"href":"https:\/\/noctua-fin.com\/index.php\/wp-json\/wp\/v2\/pages\/219","targetHints":{"allow":["GET"]}}],"collection":[{"href":"https:\/\/noctua-fin.com\/index.php\/wp-json\/wp\/v2\/pages"}],"about":[{"href":"https:\/\/noctua-fin.com\/index.php\/wp-json\/wp\/v2\/types\/page"}],"author":[{"embeddable":true,"href":"https:\/\/noctua-fin.com\/index.php\/wp-json\/wp\/v2\/users\/1"}],"replies":[{"embeddable":true,"href":"https:\/\/noctua-fin.com\/index.php\/wp-json\/wp\/v2\/comments?post=219"}],"version-history":[{"count":8,"href":"https:\/\/noctua-fin.com\/index.php\/wp-json\/wp\/v2\/pages\/219\/revisions"}],"predecessor-version":[{"id":267,"href":"https:\/\/noctua-fin.com\/index.php\/wp-json\/wp\/v2\/pages\/219\/revisions\/267"}],"wp:attachment":[{"href":"https:\/\/noctua-fin.com\/index.php\/wp-json\/wp\/v2\/media?parent=219"}],"curies":[{"name":"wp","href":"https:\/\/api.w.org\/{rel}","templated":true}]}}