{"id":22,"date":"2021-04-05T11:31:40","date_gmt":"2021-04-05T11:31:40","guid":{"rendered":"https:\/\/noctua-fin.com\/?page_id=22"},"modified":"2025-06-22T02:33:48","modified_gmt":"2025-06-22T02:33:48","slug":"kontakt","status":"publish","type":"page","link":"https:\/\/noctua-fin.com\/index.php\/kontakt\/","title":{"rendered":"Kontakt"},"content":{"rendered":"\n<h4 class=\"wp-block-heading\">Noctua Finanse i Nieruchomo\u015bci Sp. z o.o.<\/h4>\n\n\n\n<p>ul. Niepodleg\u0142o\u015bci 18\/VIII, 21-040 \u015awidnik<\/p>\n\n\n\n<p>Nip: 5060120940<\/p>\n\n\n\n<p>Tel.: 667 045 327<\/p>\n\n\n\n<h4 class=\"wp-block-heading\">2 Oddzia\u0142 \u015awidnik<\/h4>\n\n\n\n<p>Niepodleg\u0142o\u015bci 13\/152, 21-040 \u015awidnik<\/p>\n\n\n\n<p>Tel.: 81 307 60 22<\/p>\n\n\n\n<p>biuro.swidnik2@noctua-fin.com<\/p>\n\n\n\n<h4 class=\"wp-block-heading\">Oddzia\u0142 Terespol<\/h4>\n\n\n\n<p>Boles\u0142awa Prusa 1, 21-550 Terespol<\/p>\n\n\n\n<p>Tel.: 516 169 499<\/p>\n\n\n\n<p>biuro.terespol@noctua-fin.com<\/p>\n\n\n\n<p><\/p>\n\n\n\n<h6 class=\"wp-block-heading\">&gt;&gt; <a rel=\"noreferrer noopener\" href=\"https:\/\/noctua-fin.com\/index.php\/rodo\" target=\"_blank\">RODO<\/a> &lt;&lt; <\/h6>\n\n\n\n<p><\/p>\n","protected":false},"excerpt":{"rendered":"<p>Noctua Finanse i Nieruchomo\u015bci Sp. z o.o. ul. Niepodleg\u0142o\u015bci 18\/VIII, 21-040 \u015awidnik Nip: 5060120940 Tel.: 667 045 327 2 Oddzia\u0142 \u015awidnik Niepodleg\u0142o\u015bci 13\/152, 21-040 \u015awidnik Tel.: 81 307 60 22 biuro.swidnik2@noctua-fin.com Oddzia\u0142 Terespol Boles\u0142awa Prusa 1, 21-550 Terespol Tel.: 516 169 499 biuro.terespol@noctua-fin.com &gt;&gt; RODO &lt;&lt;<\/p>\n","protected":false},"author":1,"featured_media":0,"parent":0,"menu_order":0,"comment_status":"closed","ping_status":"closed","template":"","meta":{"footnotes":""},"class_list":["post-22","page","type-page","status-publish","hentry"],"_links":{"self":[{"href":"https:\/\/noctua-fin.com\/index.php\/wp-json\/wp\/v2\/pages\/22","targetHints":{"allow":["GET"]}}],"collection":[{"href":"https:\/\/noctua-fin.com\/index.php\/wp-json\/wp\/v2\/pages"}],"about":[{"href":"https:\/\/noctua-fin.com\/index.php\/wp-json\/wp\/v2\/types\/page"}],"author":[{"embeddable":true,"href":"https:\/\/noctua-fin.com\/index.php\/wp-json\/wp\/v2\/users\/1"}],"replies":[{"embeddable":true,"href":"https:\/\/noctua-fin.com\/index.php\/wp-json\/wp\/v2\/comments?post=22"}],"version-history":[{"count":10,"href":"https:\/\/noctua-fin.com\/index.php\/wp-json\/wp\/v2\/pages\/22\/revisions"}],"predecessor-version":[{"id":616,"href":"https:\/\/noctua-fin.com\/index.php\/wp-json\/wp\/v2\/pages\/22\/revisions\/616"}],"wp:attachment":[{"href":"https:\/\/noctua-fin.com\/index.php\/wp-json\/wp\/v2\/media?parent=22"}],"curies":[{"name":"wp","href":"https:\/\/api.w.org\/{rel}","templated":true}]}}