{"id":255,"date":"2022-03-17T16:00:32","date_gmt":"2022-03-17T16:00:32","guid":{"rendered":"http:\/\/noctua-fin.com\/?page_id=255"},"modified":"2025-04-04T14:06:56","modified_gmt":"2025-04-04T14:06:56","slug":"dzialka-przemyslowa-swidnik-35140-m2","status":"publish","type":"page","link":"https:\/\/noctua-fin.com\/index.php\/dzialka-przemyslowa-swidnik-35140-m2\/","title":{"rendered":"Dzia\u0142ka Przemys\u0142owo &#8211; Us\u0142ugowa \u015awidnik 22500 m2"},"content":{"rendered":"\n<p><strong>7 875 000\u00a0z\u0142<\/strong> netto<\/p>\n\n\n\n<p><a href=\"https:\/\/www.olx.pl\/d\/oferta\/dzialka-przemyslowa-w-strefie-aktywnosci-gospodarczej-2-25ha-CID3-IDOlJZv.html\">Zobacz na OTODOM \/ OLX<\/a><\/p>\n\n\n\n<p><strong>350 z\u0142\/m2<\/strong> netto<\/p>\n\n\n\n<figure class=\"wp-block-gallery has-nested-images columns-default is-cropped wp-block-gallery-1 is-layout-flex wp-block-gallery-is-layout-flex\">\n<figure class=\"wp-block-image size-large\"><img loading=\"lazy\" decoding=\"async\" width=\"1024\" height=\"450\" data-id=\"279\" src=\"http:\/\/noctua-fin.com\/wp-content\/uploads\/2022\/05\/9-1024x450.jpg\" alt=\"\" class=\"wp-image-279\" srcset=\"https:\/\/noctua-fin.com\/wp-content\/uploads\/2022\/05\/9-1024x450.jpg 1024w, https:\/\/noctua-fin.com\/wp-content\/uploads\/2022\/05\/9-300x132.jpg 300w, https:\/\/noctua-fin.com\/wp-content\/uploads\/2022\/05\/9-768x337.jpg 768w, https:\/\/noctua-fin.com\/wp-content\/uploads\/2022\/05\/9-1536x674.jpg 1536w, https:\/\/noctua-fin.com\/wp-content\/uploads\/2022\/05\/9-1568x689.jpg 1568w, https:\/\/noctua-fin.com\/wp-content\/uploads\/2022\/05\/9.jpg 1913w\" sizes=\"auto, (max-width: 1024px) 100vw, 1024px\" \/><\/figure>\n\n\n\n<figure class=\"wp-block-image size-large\"><img loading=\"lazy\" decoding=\"async\" width=\"589\" height=\"788\" data-id=\"272\" src=\"http:\/\/noctua-fin.com\/wp-content\/uploads\/2022\/05\/3.jpg\" alt=\"\" class=\"wp-image-272\" srcset=\"https:\/\/noctua-fin.com\/wp-content\/uploads\/2022\/05\/3.jpg 589w, https:\/\/noctua-fin.com\/wp-content\/uploads\/2022\/05\/3-224x300.jpg 224w\" sizes=\"auto, (max-width: 589px) 100vw, 589px\" \/><\/figure>\n\n\n\n<figure class=\"wp-block-image size-large\"><img loading=\"lazy\" decoding=\"async\" width=\"940\" height=\"703\" data-id=\"273\" src=\"http:\/\/noctua-fin.com\/wp-content\/uploads\/2022\/05\/4.jpg\" alt=\"\" class=\"wp-image-273\" srcset=\"https:\/\/noctua-fin.com\/wp-content\/uploads\/2022\/05\/4.jpg 940w, https:\/\/noctua-fin.com\/wp-content\/uploads\/2022\/05\/4-300x224.jpg 300w, https:\/\/noctua-fin.com\/wp-content\/uploads\/2022\/05\/4-768x574.jpg 768w\" sizes=\"auto, (max-width: 940px) 100vw, 940px\" \/><\/figure>\n\n\n\n<figure class=\"wp-block-image size-large\"><img loading=\"lazy\" decoding=\"async\" width=\"940\" height=\"703\" data-id=\"274\" src=\"http:\/\/noctua-fin.com\/wp-content\/uploads\/2022\/05\/5.jpg\" alt=\"\" class=\"wp-image-274\" srcset=\"https:\/\/noctua-fin.com\/wp-content\/uploads\/2022\/05\/5.jpg 940w, https:\/\/noctua-fin.com\/wp-content\/uploads\/2022\/05\/5-300x224.jpg 300w, https:\/\/noctua-fin.com\/wp-content\/uploads\/2022\/05\/5-768x574.jpg 768w\" sizes=\"auto, (max-width: 940px) 100vw, 940px\" \/><\/figure>\n\n\n\n<figure class=\"wp-block-image size-large\"><img loading=\"lazy\" decoding=\"async\" width=\"940\" height=\"703\" data-id=\"276\" src=\"http:\/\/noctua-fin.com\/wp-content\/uploads\/2022\/05\/6.jpg\" alt=\"\" class=\"wp-image-276\" srcset=\"https:\/\/noctua-fin.com\/wp-content\/uploads\/2022\/05\/6.jpg 940w, https:\/\/noctua-fin.com\/wp-content\/uploads\/2022\/05\/6-300x224.jpg 300w, https:\/\/noctua-fin.com\/wp-content\/uploads\/2022\/05\/6-768x574.jpg 768w\" sizes=\"auto, (max-width: 940px) 100vw, 940px\" \/><\/figure>\n\n\n\n<figure class=\"wp-block-image size-large\"><img loading=\"lazy\" decoding=\"async\" width=\"940\" height=\"736\" data-id=\"280\" src=\"http:\/\/noctua-fin.com\/wp-content\/uploads\/2022\/05\/7.jpg\" alt=\"\" class=\"wp-image-280\" srcset=\"https:\/\/noctua-fin.com\/wp-content\/uploads\/2022\/05\/7.jpg 940w, https:\/\/noctua-fin.com\/wp-content\/uploads\/2022\/05\/7-300x235.jpg 300w, https:\/\/noctua-fin.com\/wp-content\/uploads\/2022\/05\/7-768x601.jpg 768w\" sizes=\"auto, (max-width: 940px) 100vw, 940px\" \/><\/figure>\n\n\n\n<figure class=\"wp-block-image size-large\"><img loading=\"lazy\" decoding=\"async\" width=\"2000\" height=\"1428\" data-id=\"277\" src=\"http:\/\/noctua-fin.com\/wp-content\/uploads\/2022\/05\/1-1024x731.jpg\" alt=\"\" class=\"wp-image-277\" srcset=\"https:\/\/noctua-fin.com\/wp-content\/uploads\/2022\/05\/1-1024x731.jpg 1024w, https:\/\/noctua-fin.com\/wp-content\/uploads\/2022\/05\/1-300x214.jpg 300w, https:\/\/noctua-fin.com\/wp-content\/uploads\/2022\/05\/1-768x548.jpg 768w, https:\/\/noctua-fin.com\/wp-content\/uploads\/2022\/05\/1-1536x1097.jpg 1536w, https:\/\/noctua-fin.com\/wp-content\/uploads\/2022\/05\/1-1568x1120.jpg 1568w, https:\/\/noctua-fin.com\/wp-content\/uploads\/2022\/05\/1.jpg 2000w\" sizes=\"auto, (max-width: 2000px) 100vw, 2000px\" \/><\/figure>\n\n\n\n<figure class=\"wp-block-image size-large\"><img loading=\"lazy\" decoding=\"async\" width=\"1024\" height=\"731\" data-id=\"275\" src=\"http:\/\/noctua-fin.com\/wp-content\/uploads\/2022\/05\/2-1024x731.jpg\" alt=\"\" class=\"wp-image-275\" srcset=\"https:\/\/noctua-fin.com\/wp-content\/uploads\/2022\/05\/2-1024x731.jpg 1024w, https:\/\/noctua-fin.com\/wp-content\/uploads\/2022\/05\/2-300x214.jpg 300w, https:\/\/noctua-fin.com\/wp-content\/uploads\/2022\/05\/2-768x548.jpg 768w, https:\/\/noctua-fin.com\/wp-content\/uploads\/2022\/05\/2-1536x1097.jpg 1536w, https:\/\/noctua-fin.com\/wp-content\/uploads\/2022\/05\/2-1568x1120.jpg 1568w, https:\/\/noctua-fin.com\/wp-content\/uploads\/2022\/05\/2.jpg 2000w\" sizes=\"auto, (max-width: 1024px) 100vw, 1024px\" \/><\/figure>\n\n\n\n<figure class=\"wp-block-image size-large\"><img loading=\"lazy\" decoding=\"async\" width=\"940\" height=\"705\" data-id=\"278\" src=\"http:\/\/noctua-fin.com\/wp-content\/uploads\/2022\/05\/8.jpg\" alt=\"\" class=\"wp-image-278\" srcset=\"https:\/\/noctua-fin.com\/wp-content\/uploads\/2022\/05\/8.jpg 940w, https:\/\/noctua-fin.com\/wp-content\/uploads\/2022\/05\/8-300x225.jpg 300w, https:\/\/noctua-fin.com\/wp-content\/uploads\/2022\/05\/8-768x576.jpg 768w\" sizes=\"auto, (max-width: 940px) 100vw, 940px\" \/><\/figure>\n<\/figure>\n\n\n\n<p>Na sprzeda\u017c dzia\u0142ka przemys\u0142owa o powierzchni 22500 m2 w \u015awidniku przy ul. Nadle\u015bnej.<br>Wymiary dzia\u0142ki ok.: 60 x 374m<\/p>\n\n\n\n<p>Nieruchomo\u015b\u0107 znajduje si\u0119 w Strefie Aktywno\u015bci Gospodarczej w \u015awidniku, jest to blisko 200 \u2013 hektarowy obszar, od strony wschodniej s\u0105siaduje z Portem Lotniczym Lublin, a od zachodniej z lini\u0105 kolejow\u0105. Od p\u00f3\u0142nocy graniczy z drog\u0105 wojew\u00f3dzk\u0105 nr 822, a od po\u0142udnia z lini\u0105 kolejow\u0105 nr 7 Warszawa-Dorohusk.<br>Droga dojazdowa do dzia\u0142ki jest bezpo\u015brednio po\u0142\u0105czona z tras\u0105 S12 S19.<br>W planie zagospodarowania przestrzennego dzia\u0142ka oznaczona jest symbolem PU (produkcja, sk\u0142ady i magazyny oraz zabudowa us\u0142ugowa).<\/p>\n\n\n\n<p>Powy\u017csze og\u0142oszenie nie stanowi oferty w rozumieniu Kodeksu Cywilnego i ma charakter wy\u0142\u0105cznie informacyjny.<\/p>\n\n\n\n<p>Zapraszamy do kontaktu:<br>Noctua Finanse i Nieruchomo\u015bci<br>tel.: 81 307 60 22 \/ 667 045 327<br>mail.: biuro.swidnik2@noctua-fin.com<\/p>\n","protected":false},"excerpt":{"rendered":"<p>7 875 000\u00a0z\u0142 netto Zobacz na OTODOM \/ OLX 350 z\u0142\/m2 netto Na sprzeda\u017c dzia\u0142ka przemys\u0142owa o powierzchni 22500 m2 w \u015awidniku przy ul. Nadle\u015bnej.Wymiary dzia\u0142ki ok.: 60 x 374m Nieruchomo\u015b\u0107 znajduje si\u0119 w Strefie Aktywno\u015bci Gospodarczej w \u015awidniku, jest to blisko 200 \u2013 hektarowy obszar, od strony wschodniej s\u0105siaduje z Portem Lotniczym Lublin, a [&hellip;]<\/p>\n","protected":false},"author":1,"featured_media":0,"parent":0,"menu_order":0,"comment_status":"closed","ping_status":"closed","template":"","meta":{"footnotes":""},"class_list":["post-255","page","type-page","status-publish","hentry"],"_links":{"self":[{"href":"https:\/\/noctua-fin.com\/index.php\/wp-json\/wp\/v2\/pages\/255","targetHints":{"allow":["GET"]}}],"collection":[{"href":"https:\/\/noctua-fin.com\/index.php\/wp-json\/wp\/v2\/pages"}],"about":[{"href":"https:\/\/noctua-fin.com\/index.php\/wp-json\/wp\/v2\/types\/page"}],"author":[{"embeddable":true,"href":"https:\/\/noctua-fin.com\/index.php\/wp-json\/wp\/v2\/users\/1"}],"replies":[{"embeddable":true,"href":"https:\/\/noctua-fin.com\/index.php\/wp-json\/wp\/v2\/comments?post=255"}],"version-history":[{"count":13,"href":"https:\/\/noctua-fin.com\/index.php\/wp-json\/wp\/v2\/pages\/255\/revisions"}],"predecessor-version":[{"id":471,"href":"https:\/\/noctua-fin.com\/index.php\/wp-json\/wp\/v2\/pages\/255\/revisions\/471"}],"wp:attachment":[{"href":"https:\/\/noctua-fin.com\/index.php\/wp-json\/wp\/v2\/media?parent=255"}],"curies":[{"name":"wp","href":"https:\/\/api.w.org\/{rel}","templated":true}]}}