{"id":294,"date":"2022-05-21T08:34:52","date_gmt":"2022-05-21T08:34:52","guid":{"rendered":"http:\/\/noctua-fin.com\/?page_id=294"},"modified":"2022-06-27T15:23:44","modified_gmt":"2022-06-27T15:23:44","slug":"news","status":"publish","type":"page","link":"https:\/\/noctua-fin.com\/index.php\/news\/","title":{"rendered":"News"},"content":{"rendered":"\n<div class=\"wp-block-media-text alignwide is-stacked-on-mobile\"><figure class=\"wp-block-media-text__media\"><img loading=\"lazy\" decoding=\"async\" width=\"991\" height=\"1024\" src=\"http:\/\/noctua-fin.com\/wp-content\/uploads\/2021\/04\/niebieskie-Kopia-991x1024.jpg\" alt=\"\" class=\"wp-image-71 size-full\"\/><\/figure><div class=\"wp-block-media-text__content\">\n<p class=\"has-large-font-size\"><a href=\"https:\/\/noctua-fin.com\/index.php\/2022\/06\/27\/jedna-z-ostatnich-szans-na-niskie-stale-oprocentowanie\/\" target=\"_blank\" rel=\"noreferrer noopener\">Jedna z ostatnich szans na niskie sta\u0142e oprocentowanie.<\/a><\/p>\n\n\n\n<p>ING Bank \u015al\u0105ski mimo rosn\u0105cych st\u00f3p procentowych obni\u017ca oprocentowanie na kredyty hipoteczne.<\/p>\n\n\n\n<p>27.06.2022<\/p>\n<\/div><\/div>\n\n\n\n<div class=\"wp-block-media-text alignwide is-stacked-on-mobile\"><figure class=\"wp-block-media-text__media\"><img loading=\"lazy\" decoding=\"async\" width=\"991\" height=\"1024\" src=\"http:\/\/noctua-fin.com\/wp-content\/uploads\/2021\/04\/niebieskie-Kopia-991x1024.jpg\" alt=\"\" class=\"wp-image-71 size-full\"\/><\/figure><div class=\"wp-block-media-text__content\">\n<p class=\"has-large-font-size\"><a href=\"https:\/\/noctua-fin.com\/index.php\/2022\/06\/27\/program-mieszkanie-bez-wkladu-wlasnego\/\" target=\"_blank\" rel=\"noreferrer noopener\">Program &#8220;Mieszkanie bez wk\u0142adu w\u0142asnego&#8221;<\/a><\/p>\n\n\n\n<p>Gwarancja mo\u017ce obj\u0105\u0107 cz\u0119\u015b\u0107 kapita\u0142ow\u0105 kredytu odpowiadaj\u0105c\u0105 wk\u0142adowi w\u0142asnemu, kt\u00f3ry powinien by\u0107 wniesiony przez kredytobiorc\u0119 (nie wi\u0119cej ni\u017c 100 000 z\u0142). Oznacza to, \u017ce mo\u017cemy naby\u0107 nieruchomo\u015b\u0107 za cen\u0119 do 1 000 000 z\u0142 bez wk\u0142adu w\u0142asnego. A nawet uzyska\u0107 &#8220;Extra&#8221; got\u00f3wk\u0119 na wcze\u015bniejsz\u0105 sp\u0142at\u0119.<\/p>\n\n\n\n<p>27.06.2022<\/p>\n<\/div><\/div>\n\n\n\n<div class=\"wp-block-media-text alignwide is-stacked-on-mobile\"><figure class=\"wp-block-media-text__media\"><img loading=\"lazy\" decoding=\"async\" width=\"991\" height=\"1024\" src=\"http:\/\/noctua-fin.com\/wp-content\/uploads\/2021\/04\/niebieskie-Kopia-991x1024.jpg\" alt=\"\" class=\"wp-image-71 size-full\"\/><\/figure><div class=\"wp-block-media-text__content\">\n<p class=\"has-large-font-size\"><strong><a href=\"https:\/\/noctua-fin.com\/index.php\/2022\/06\/27\/wakacje-kredytowe-nieznane-ryzyka\/\" target=\"_blank\" rel=\"noreferrer noopener\">Wakacje Kredytowe Nieznane Ryzyka<\/a><\/strong><\/p>\n\n\n\n<p>Wiele os\u00f3b ju\u017c rozwa\u017ca opcj\u0119 wakacji kredytowych. Warto jednak pami\u0119ta\u0107 o kilku istotnych kwestiach, jakie si\u0119 z tym krokiem wi\u0105\u017c\u0105:<\/p>\n\n\n\n<p>27.06.2022<\/p>\n<\/div><\/div>\n\n\n\n<p><\/p>\n","protected":false},"excerpt":{"rendered":"<p>Jedna z ostatnich szans na niskie sta\u0142e oprocentowanie. ING Bank \u015al\u0105ski mimo rosn\u0105cych st\u00f3p procentowych obni\u017ca oprocentowanie na kredyty hipoteczne. 27.06.2022 Program &#8220;Mieszkanie bez wk\u0142adu w\u0142asnego&#8221; Gwarancja mo\u017ce obj\u0105\u0107 cz\u0119\u015b\u0107 kapita\u0142ow\u0105 kredytu odpowiadaj\u0105c\u0105 wk\u0142adowi w\u0142asnemu, kt\u00f3ry powinien by\u0107 wniesiony przez kredytobiorc\u0119 (nie wi\u0119cej ni\u017c 100 000 z\u0142). Oznacza to, \u017ce mo\u017cemy naby\u0107 nieruchomo\u015b\u0107 za cen\u0119 [&hellip;]<\/p>\n","protected":false},"author":1,"featured_media":0,"parent":0,"menu_order":0,"comment_status":"closed","ping_status":"closed","template":"","meta":{"footnotes":""},"class_list":["post-294","page","type-page","status-publish","hentry"],"_links":{"self":[{"href":"https:\/\/noctua-fin.com\/index.php\/wp-json\/wp\/v2\/pages\/294","targetHints":{"allow":["GET"]}}],"collection":[{"href":"https:\/\/noctua-fin.com\/index.php\/wp-json\/wp\/v2\/pages"}],"about":[{"href":"https:\/\/noctua-fin.com\/index.php\/wp-json\/wp\/v2\/types\/page"}],"author":[{"embeddable":true,"href":"https:\/\/noctua-fin.com\/index.php\/wp-json\/wp\/v2\/users\/1"}],"replies":[{"embeddable":true,"href":"https:\/\/noctua-fin.com\/index.php\/wp-json\/wp\/v2\/comments?post=294"}],"version-history":[{"count":8,"href":"https:\/\/noctua-fin.com\/index.php\/wp-json\/wp\/v2\/pages\/294\/revisions"}],"predecessor-version":[{"id":319,"href":"https:\/\/noctua-fin.com\/index.php\/wp-json\/wp\/v2\/pages\/294\/revisions\/319"}],"wp:attachment":[{"href":"https:\/\/noctua-fin.com\/index.php\/wp-json\/wp\/v2\/media?parent=294"}],"curies":[{"name":"wp","href":"https:\/\/api.w.org\/{rel}","templated":true}]}}