{"id":370,"date":"2022-12-28T12:56:45","date_gmt":"2022-12-28T12:56:45","guid":{"rendered":"https:\/\/noctua-fin.com\/?page_id=370"},"modified":"2023-01-25T12:46:28","modified_gmt":"2023-01-25T12:46:28","slug":"lokal-uslugowy-w-centrum-swidnika","status":"publish","type":"page","link":"https:\/\/noctua-fin.com\/index.php\/lokal-uslugowy-w-centrum-swidnika\/","title":{"rendered":"Lokal us\u0142ugowy w centrum \u015awidnika"},"content":{"rendered":"\n<p><strong>490 000&nbsp;z\u0142<\/strong><\/p>\n\n\n\n<p><a href=\"https:\/\/www.olx.pl\/d\/oferta\/lokal-uslugowy-w-centrum-swidnika-CID3-IDSd5hy.html?bs=olx_pro_listing\">Zobacz na OLX<\/a><\/p>\n\n\n\n<figure class=\"wp-block-image size-large\"><img loading=\"lazy\" decoding=\"async\" width=\"724\" height=\"1024\" src=\"https:\/\/noctua-fin.com\/wp-content\/uploads\/2022\/12\/plan-lokalu-1-724x1024.jpg\" alt=\"\" class=\"wp-image-371\" srcset=\"https:\/\/noctua-fin.com\/wp-content\/uploads\/2022\/12\/plan-lokalu-1-724x1024.jpg 724w, https:\/\/noctua-fin.com\/wp-content\/uploads\/2022\/12\/plan-lokalu-1-212x300.jpg 212w, https:\/\/noctua-fin.com\/wp-content\/uploads\/2022\/12\/plan-lokalu-1-768x1086.jpg 768w, https:\/\/noctua-fin.com\/wp-content\/uploads\/2022\/12\/plan-lokalu-1-1086x1536.jpg 1086w, https:\/\/noctua-fin.com\/wp-content\/uploads\/2022\/12\/plan-lokalu-1.jpg 1414w\" sizes=\"auto, (max-width: 724px) 100vw, 724px\" \/><\/figure>\n\n\n\n<figure class=\"wp-block-image size-full\"><img loading=\"lazy\" decoding=\"async\" width=\"940\" height=\"788\" src=\"https:\/\/noctua-fin.com\/wp-content\/uploads\/2023\/01\/front.jpeg\" alt=\"\" class=\"wp-image-379\" srcset=\"https:\/\/noctua-fin.com\/wp-content\/uploads\/2023\/01\/front.jpeg 940w, https:\/\/noctua-fin.com\/wp-content\/uploads\/2023\/01\/front-300x251.jpeg 300w, https:\/\/noctua-fin.com\/wp-content\/uploads\/2023\/01\/front-768x644.jpeg 768w\" sizes=\"auto, (max-width: 940px) 100vw, 940px\" \/><\/figure>\n\n\n\n<figure class=\"wp-block-image size-full\"><img loading=\"lazy\" decoding=\"async\" width=\"940\" height=\"788\" src=\"https:\/\/noctua-fin.com\/wp-content\/uploads\/2023\/01\/winda-2.jpg\" alt=\"\" class=\"wp-image-380\" srcset=\"https:\/\/noctua-fin.com\/wp-content\/uploads\/2023\/01\/winda-2.jpg 940w, https:\/\/noctua-fin.com\/wp-content\/uploads\/2023\/01\/winda-2-300x251.jpg 300w, https:\/\/noctua-fin.com\/wp-content\/uploads\/2023\/01\/winda-2-768x644.jpg 768w\" sizes=\"auto, (max-width: 940px) 100vw, 940px\" \/><\/figure>\n\n\n\n<figure class=\"wp-block-image size-full\"><img loading=\"lazy\" decoding=\"async\" width=\"940\" height=\"788\" src=\"https:\/\/noctua-fin.com\/wp-content\/uploads\/2023\/01\/winda-1.jpg\" alt=\"\" class=\"wp-image-381\" srcset=\"https:\/\/noctua-fin.com\/wp-content\/uploads\/2023\/01\/winda-1.jpg 940w, https:\/\/noctua-fin.com\/wp-content\/uploads\/2023\/01\/winda-1-300x251.jpg 300w, https:\/\/noctua-fin.com\/wp-content\/uploads\/2023\/01\/winda-1-768x644.jpg 768w\" sizes=\"auto, (max-width: 940px) 100vw, 940px\" \/><\/figure>\n\n\n\n<p>Na sprzeda\u017c lokal us\u0142ugowy usytuowany w \u015bcis\u0142ym centrum \u015awidnika. Powierzchnia: 189m2, poziom: -1, dwa oddzielne wej\u015bcia (jedno zaopatrzone w wind\u0119). Wzd\u0142u\u017c lokalu rozci\u0105gni\u0119ty jest szyb wentylacyjny co daje mo\u017cliwo\u015b\u0107 prowadzenia ka\u017cdego rodzaju dzia\u0142alno\u015bci (w tym gastronomicznej). Znajduj\u0105ce si\u0119 w nim trzy punkty wodno-kanalizacyjne, umo\u017cliwiaj\u0105 wydzielenie trzech odr\u0119bnych lokali.<\/p>\n\n\n\n<p>Op\u0142aty sta\u0142e:<br>czynsz 561z\u0142\/mies.<br>podatek gruntowy 700z\u0142\/rok<br>podatek od nieruchomo\u015bci 22z\u0142\/m2<br>ciep\u0142o z sieci ok 100z\u0142\/mies.<\/p>\n\n\n\n<p>Cena: 490000z\u0142<\/p>\n\n\n\n<p>Powy\u017csze og\u0142oszenie nie stanowi oferty w rozumieniu Kodeksu Cywilnego i ma charakter wy\u0142\u0105cznie informacyjny.<br><br>Zapraszamy do kontaktu:<br>Noctua Finanse i Nieruchomo\u015bci<br>tel.: 81 307 60 22 \/ 667 045 327<br>mail.: biuro.swidnik2@noctua-fin.com<\/p>\n","protected":false},"excerpt":{"rendered":"<p>490 000&nbsp;z\u0142 Zobacz na OLX Na sprzeda\u017c lokal us\u0142ugowy usytuowany w \u015bcis\u0142ym centrum \u015awidnika. Powierzchnia: 189m2, poziom: -1, dwa oddzielne wej\u015bcia (jedno zaopatrzone w wind\u0119). Wzd\u0142u\u017c lokalu rozci\u0105gni\u0119ty jest szyb wentylacyjny co daje mo\u017cliwo\u015b\u0107 prowadzenia ka\u017cdego rodzaju dzia\u0142alno\u015bci (w tym gastronomicznej). Znajduj\u0105ce si\u0119 w nim trzy punkty wodno-kanalizacyjne, umo\u017cliwiaj\u0105 wydzielenie trzech odr\u0119bnych lokali. Op\u0142aty sta\u0142e:czynsz [&hellip;]<\/p>\n","protected":false},"author":1,"featured_media":0,"parent":0,"menu_order":0,"comment_status":"closed","ping_status":"closed","template":"","meta":{"footnotes":""},"class_list":["post-370","page","type-page","status-publish","hentry"],"_links":{"self":[{"href":"https:\/\/noctua-fin.com\/index.php\/wp-json\/wp\/v2\/pages\/370","targetHints":{"allow":["GET"]}}],"collection":[{"href":"https:\/\/noctua-fin.com\/index.php\/wp-json\/wp\/v2\/pages"}],"about":[{"href":"https:\/\/noctua-fin.com\/index.php\/wp-json\/wp\/v2\/types\/page"}],"author":[{"embeddable":true,"href":"https:\/\/noctua-fin.com\/index.php\/wp-json\/wp\/v2\/users\/1"}],"replies":[{"embeddable":true,"href":"https:\/\/noctua-fin.com\/index.php\/wp-json\/wp\/v2\/comments?post=370"}],"version-history":[{"count":2,"href":"https:\/\/noctua-fin.com\/index.php\/wp-json\/wp\/v2\/pages\/370\/revisions"}],"predecessor-version":[{"id":383,"href":"https:\/\/noctua-fin.com\/index.php\/wp-json\/wp\/v2\/pages\/370\/revisions\/383"}],"wp:attachment":[{"href":"https:\/\/noctua-fin.com\/index.php\/wp-json\/wp\/v2\/media?parent=370"}],"curies":[{"name":"wp","href":"https:\/\/api.w.org\/{rel}","templated":true}]}}