{"id":426,"date":"2023-03-27T08:08:55","date_gmt":"2023-03-27T08:08:55","guid":{"rendered":"https:\/\/noctua-fin.com\/?page_id=426"},"modified":"2023-03-27T08:08:55","modified_gmt":"2023-03-27T08:08:55","slug":"lokal-uslugowy-w-centrum-swidnika-2","status":"publish","type":"page","link":"https:\/\/noctua-fin.com\/index.php\/lokal-uslugowy-w-centrum-swidnika-2\/","title":{"rendered":"Lokal us\u0142ugowy w centrum \u015awidnika"},"content":{"rendered":"\n<p><strong>5000z\u0142 netto\/mc &#8211; ca\u0142y lokal<br>3000z\u0142 netto\/mc &#8211; cz\u0119\u015b\u0107 lokalu<\/strong><br><\/p>\n\n\n\n<figure class=\"wp-block-gallery has-nested-images columns-default is-cropped wp-block-gallery-1 is-layout-flex wp-block-gallery-is-layout-flex\">\n<figure class=\"wp-block-image size-large\"><img loading=\"lazy\" decoding=\"async\" width=\"940\" height=\"788\" data-id=\"427\" src=\"https:\/\/noctua-fin.com\/wp-content\/uploads\/2023\/03\/front.jpeg\" alt=\"\" class=\"wp-image-427\" srcset=\"https:\/\/noctua-fin.com\/wp-content\/uploads\/2023\/03\/front.jpeg 940w, https:\/\/noctua-fin.com\/wp-content\/uploads\/2023\/03\/front-300x251.jpeg 300w, https:\/\/noctua-fin.com\/wp-content\/uploads\/2023\/03\/front-768x644.jpeg 768w\" sizes=\"auto, (max-width: 940px) 100vw, 940px\" \/><\/figure>\n\n\n\n<figure class=\"wp-block-image size-large\"><img loading=\"lazy\" decoding=\"async\" width=\"724\" height=\"1024\" data-id=\"430\" src=\"https:\/\/noctua-fin.com\/wp-content\/uploads\/2023\/03\/plan-lokalu-724x1024.jpg\" alt=\"\" class=\"wp-image-430\" srcset=\"https:\/\/noctua-fin.com\/wp-content\/uploads\/2023\/03\/plan-lokalu-724x1024.jpg 724w, https:\/\/noctua-fin.com\/wp-content\/uploads\/2023\/03\/plan-lokalu-212x300.jpg 212w, https:\/\/noctua-fin.com\/wp-content\/uploads\/2023\/03\/plan-lokalu-768x1086.jpg 768w, https:\/\/noctua-fin.com\/wp-content\/uploads\/2023\/03\/plan-lokalu-1086x1536.jpg 1086w, https:\/\/noctua-fin.com\/wp-content\/uploads\/2023\/03\/plan-lokalu.jpg 1414w\" sizes=\"auto, (max-width: 724px) 100vw, 724px\" \/><\/figure>\n\n\n\n<figure class=\"wp-block-image size-large\"><img loading=\"lazy\" decoding=\"async\" width=\"940\" height=\"788\" data-id=\"428\" src=\"https:\/\/noctua-fin.com\/wp-content\/uploads\/2023\/03\/winda-1.jpg\" alt=\"\" class=\"wp-image-428\" srcset=\"https:\/\/noctua-fin.com\/wp-content\/uploads\/2023\/03\/winda-1.jpg 940w, https:\/\/noctua-fin.com\/wp-content\/uploads\/2023\/03\/winda-1-300x251.jpg 300w, https:\/\/noctua-fin.com\/wp-content\/uploads\/2023\/03\/winda-1-768x644.jpg 768w\" sizes=\"auto, (max-width: 940px) 100vw, 940px\" \/><\/figure>\n\n\n\n<figure class=\"wp-block-image size-large\"><img loading=\"lazy\" decoding=\"async\" width=\"940\" height=\"788\" data-id=\"429\" src=\"https:\/\/noctua-fin.com\/wp-content\/uploads\/2023\/03\/winda-2.jpg\" alt=\"\" class=\"wp-image-429\" srcset=\"https:\/\/noctua-fin.com\/wp-content\/uploads\/2023\/03\/winda-2.jpg 940w, https:\/\/noctua-fin.com\/wp-content\/uploads\/2023\/03\/winda-2-300x251.jpg 300w, https:\/\/noctua-fin.com\/wp-content\/uploads\/2023\/03\/winda-2-768x644.jpg 768w\" sizes=\"auto, (max-width: 940px) 100vw, 940px\" \/><\/figure>\n<\/figure>\n\n\n\n<p>Do wynaj\u0119cia (w ca\u0142o\u015bci lub cz\u0119\u015bci) lokal us\u0142ugowy usytuowany w \u015bcis\u0142ym centrum \u015awidnika. Powierzchnia: 189m2, poziom: -1, dwa oddzielne wej\u015bcia (jedno zaopatrzone w wind\u0119). Wzd\u0142u\u017c lokalu rozci\u0105gni\u0119ty jest szyb wentylacyjny co daje mo\u017cliwo\u015b\u0107 prowadzenia ka\u017cdego rodzaju dzia\u0142alno\u015bci (w tym gastronomicznej).<br>Znajduj\u0105ce si\u0119 w nim trzy punkty wodno-kanalizacyjne, umo\u017cliwiaj\u0105 wydzielenie trzech odr\u0119bnych lokali.<\/p>\n\n\n\n<p>Op\u0142aty sta\u0142e:<br>czynsz 561z\u0142\/mies.<br>podatek gruntowy 700z\u0142\/rok<br>podatek od nieruchomo\u015bci 22z\u0142\/m2<br>ciep\u0142o z sieci ok 100z\u0142\/mies.<\/p>\n\n\n\n<p>Cena:<br>5000z\u0142 netto\/mc &#8211; ca\u0142y lokal<br>3000z\u0142 netto\/mc &#8211; cz\u0119\u015b\u0107 lokalu<\/p>\n\n\n\n<p>Powy\u017csze og\u0142oszenie nie stanowi oferty w rozumieniu Kodeksu Cywilnego i ma charakter wy\u0142\u0105cznie informacyjny.<br><br>Zapraszamy do kontaktu:<br>Noctua Finanse i Nieruchomo\u015bci<br>tel.: 81 307 60 22 \/ 667 045 327<br>mail.: biuro.swidnik2@noctua-fin.com<\/p>\n","protected":false},"excerpt":{"rendered":"<p>5000z\u0142 netto\/mc &#8211; ca\u0142y lokal3000z\u0142 netto\/mc &#8211; cz\u0119\u015b\u0107 lokalu Do wynaj\u0119cia (w ca\u0142o\u015bci lub cz\u0119\u015bci) lokal us\u0142ugowy usytuowany w \u015bcis\u0142ym centrum \u015awidnika. Powierzchnia: 189m2, poziom: -1, dwa oddzielne wej\u015bcia (jedno zaopatrzone w wind\u0119). Wzd\u0142u\u017c lokalu rozci\u0105gni\u0119ty jest szyb wentylacyjny co daje mo\u017cliwo\u015b\u0107 prowadzenia ka\u017cdego rodzaju dzia\u0142alno\u015bci (w tym gastronomicznej).Znajduj\u0105ce si\u0119 w nim trzy punkty wodno-kanalizacyjne, [&hellip;]<\/p>\n","protected":false},"author":1,"featured_media":0,"parent":0,"menu_order":0,"comment_status":"closed","ping_status":"closed","template":"","meta":{"footnotes":""},"class_list":["post-426","page","type-page","status-publish","hentry"],"_links":{"self":[{"href":"https:\/\/noctua-fin.com\/index.php\/wp-json\/wp\/v2\/pages\/426","targetHints":{"allow":["GET"]}}],"collection":[{"href":"https:\/\/noctua-fin.com\/index.php\/wp-json\/wp\/v2\/pages"}],"about":[{"href":"https:\/\/noctua-fin.com\/index.php\/wp-json\/wp\/v2\/types\/page"}],"author":[{"embeddable":true,"href":"https:\/\/noctua-fin.com\/index.php\/wp-json\/wp\/v2\/users\/1"}],"replies":[{"embeddable":true,"href":"https:\/\/noctua-fin.com\/index.php\/wp-json\/wp\/v2\/comments?post=426"}],"version-history":[{"count":1,"href":"https:\/\/noctua-fin.com\/index.php\/wp-json\/wp\/v2\/pages\/426\/revisions"}],"predecessor-version":[{"id":431,"href":"https:\/\/noctua-fin.com\/index.php\/wp-json\/wp\/v2\/pages\/426\/revisions\/431"}],"wp:attachment":[{"href":"https:\/\/noctua-fin.com\/index.php\/wp-json\/wp\/v2\/media?parent=426"}],"curies":[{"name":"wp","href":"https:\/\/api.w.org\/{rel}","templated":true}]}}