{"id":439,"date":"2023-07-16T14:20:14","date_gmt":"2023-07-16T14:20:14","guid":{"rendered":"http:\/\/noctua-fin.com\/?page_id=439"},"modified":"2023-08-16T17:17:32","modified_gmt":"2023-08-16T17:17:32","slug":"sklep","status":"publish","type":"page","link":"https:\/\/noctua-fin.com\/index.php\/sklep\/","title":{"rendered":"Sklep"},"content":{"rendered":"\n<p><a href=\"https:\/\/cuk.pl\/doradca\/03300e1f07c8c00f10b0\" target=\"_blank\" rel=\"noreferrer noopener\">Ubezpieczenia:<\/a><\/p>\n\n\n\n<p><a href=\"https:\/\/cuk.pl\/samochod\/kalkulator_oc_i_ac?utm_source=linkdoradca&amp;utm_medium=referral#kod=03300e1f07c8c00f10b0\" target=\"_blank\" rel=\"noreferrer noopener\">Komunikacyjne &#8211; kalkulator<\/a><\/p>\n\n\n\n<p><a href=\"https:\/\/cuk.pl\/dom_i_mieszkanie\/kalkulator_majatkowy?utm_source=linkdoradca&amp;utm_medium=referral#kod=03300e1f07c8c00f10b0\" target=\"_blank\" rel=\"noreferrer noopener\">Nieruchomo\u015bci &#8211; kalkulator<\/a><\/p>\n\n\n\n<p><a href=\"https:\/\/dziecko.cuk.pl\/23519\" target=\"_blank\" rel=\"noreferrer noopener\">NNW Szkolne_Interrisk<\/a> \/ <a href=\"https:\/\/bezpieczny.pl\/nnw-szkolne\/25781\" target=\"_blank\" rel=\"noreferrer noopener\">NNW Szkolne_Bezpieczny.pl<\/a> \/ <a rel=\"noreferrer noopener\" href=\"https:\/\/tuz.pl\/ubezpieczenia-szkolne\/?kod-znizkowy=11491254\/P\" target=\"_blank\">NNW Szkolne TUZ<\/a><\/p>\n\n\n\n<p><a href=\"https:\/\/cuk.pl\/kalkulator-ubezpieczen-turystycznych?utm_source=linkdoradca&amp;utm_medium=referral#kod=03300e1f07c8c00f10b0\" target=\"_blank\" rel=\"noreferrer noopener\">Turystyczne &#8211; kalkulator<\/a><\/p>\n\n\n\n<p><a href=\"https:\/\/cuk.pl\/kalkulator-rowerowy?utm_source=linkdoradca&amp;utm_medium=referral#kod=03300e1f07c8c00f10b0\" target=\"_blank\" rel=\"noreferrer noopener\">Rowerowe_PZU<\/a><\/p>\n\n\n\n<p><a href=\"https:\/\/cuk.pl\/kalkulator-ubezpieczen-na-zycie?utm_source=linkdoradca&amp;utm_medium=referral#kod=03300e1f07c8c00f10b0\" target=\"_blank\" rel=\"noreferrer noopener\">\u017bycia &#8211; kalkulator<\/a><\/p>\n\n\n\n<p><a href=\"https:\/\/cuk.pl\/kalkulator-ubezpieczen-na-zycie?utm_source=linkdoradca&amp;utm_medium=referral#kod=03300e1f07c8c00f10b0&amp;bezpieczniwdrodze=1\" target=\"_blank\" rel=\"noreferrer noopener\">\u017bycia dla kierowc\u00f3w &#8211; kalkulator<\/a><\/p>\n\n\n\n<p><a href=\"https:\/\/cuk.pl\/kalkulator-assistance?utm_source=linkdoradca&amp;utm_medium=referral#kod=03300e1f07c8c00f10b0\" target=\"_blank\" rel=\"noreferrer noopener\">Holowanie po awarii Polska \/ Europa do 2000 kilometr\u00f3w<\/a><\/p>\n","protected":false},"excerpt":{"rendered":"<p>Ubezpieczenia: Komunikacyjne &#8211; kalkulator Nieruchomo\u015bci &#8211; kalkulator NNW Szkolne_Interrisk \/ NNW Szkolne_Bezpieczny.pl \/ NNW Szkolne TUZ Turystyczne &#8211; kalkulator Rowerowe_PZU \u017bycia &#8211; kalkulator \u017bycia dla kierowc\u00f3w &#8211; kalkulator Holowanie po awarii Polska \/ Europa do 2000 kilometr\u00f3w<\/p>\n","protected":false},"author":1,"featured_media":0,"parent":0,"menu_order":0,"comment_status":"closed","ping_status":"closed","template":"","meta":{"footnotes":""},"class_list":["post-439","page","type-page","status-publish","hentry"],"_links":{"self":[{"href":"https:\/\/noctua-fin.com\/index.php\/wp-json\/wp\/v2\/pages\/439","targetHints":{"allow":["GET"]}}],"collection":[{"href":"https:\/\/noctua-fin.com\/index.php\/wp-json\/wp\/v2\/pages"}],"about":[{"href":"https:\/\/noctua-fin.com\/index.php\/wp-json\/wp\/v2\/types\/page"}],"author":[{"embeddable":true,"href":"https:\/\/noctua-fin.com\/index.php\/wp-json\/wp\/v2\/users\/1"}],"replies":[{"embeddable":true,"href":"https:\/\/noctua-fin.com\/index.php\/wp-json\/wp\/v2\/comments?post=439"}],"version-history":[{"count":4,"href":"https:\/\/noctua-fin.com\/index.php\/wp-json\/wp\/v2\/pages\/439\/revisions"}],"predecessor-version":[{"id":447,"href":"https:\/\/noctua-fin.com\/index.php\/wp-json\/wp\/v2\/pages\/439\/revisions\/447"}],"wp:attachment":[{"href":"https:\/\/noctua-fin.com\/index.php\/wp-json\/wp\/v2\/media?parent=439"}],"curies":[{"name":"wp","href":"https:\/\/api.w.org\/{rel}","templated":true}]}}