{"id":453,"date":"2025-04-03T14:13:58","date_gmt":"2025-04-03T14:13:58","guid":{"rendered":"https:\/\/noctua-fin.com\/?page_id=453"},"modified":"2025-04-04T15:46:05","modified_gmt":"2025-04-04T15:46:05","slug":"mieszkanie-trawniki-51m2","status":"publish","type":"page","link":"https:\/\/noctua-fin.com\/index.php\/mieszkanie-trawniki-51m2\/","title":{"rendered":"Mieszkanie Trawniki 51m2"},"content":{"rendered":"\n<p><a href=\"https:\/\/www.olx.pl\/d\/oferta\/mieszkanie-w-trawnikach-dwa-pokoje-okazja-tanio-CID3-ID12BoEc.html?bs=olx_pro_listing\">Zobacz na OLX<\/a><\/p>\n\n\n\n<p><strong>Cena: 281 319z\u0142 netto<\/strong><\/p>\n\n\n\n<figure class=\"wp-block-image size-large\"><img loading=\"lazy\" decoding=\"async\" width=\"1024\" height=\"768\" src=\"https:\/\/noctua-fin.com\/wp-content\/uploads\/2025\/04\/1-1024x768.jpg\" alt=\"\" class=\"wp-image-508\" srcset=\"https:\/\/noctua-fin.com\/wp-content\/uploads\/2025\/04\/1-1024x768.jpg 1024w, https:\/\/noctua-fin.com\/wp-content\/uploads\/2025\/04\/1-300x225.jpg 300w, https:\/\/noctua-fin.com\/wp-content\/uploads\/2025\/04\/1-768x576.jpg 768w, https:\/\/noctua-fin.com\/wp-content\/uploads\/2025\/04\/1-1536x1152.jpg 1536w, https:\/\/noctua-fin.com\/wp-content\/uploads\/2025\/04\/1-2048x1536.jpg 2048w, https:\/\/noctua-fin.com\/wp-content\/uploads\/2025\/04\/1-1568x1176.jpg 1568w\" sizes=\"auto, (max-width: 1024px) 100vw, 1024px\" \/><\/figure>\n\n\n\n<figure class=\"wp-block-image size-large\"><img loading=\"lazy\" decoding=\"async\" width=\"1024\" height=\"768\" src=\"https:\/\/noctua-fin.com\/wp-content\/uploads\/2025\/04\/2AA-1024x768.png\" alt=\"\" class=\"wp-image-509\" srcset=\"https:\/\/noctua-fin.com\/wp-content\/uploads\/2025\/04\/2AA-1024x768.png 1024w, https:\/\/noctua-fin.com\/wp-content\/uploads\/2025\/04\/2AA-300x225.png 300w, https:\/\/noctua-fin.com\/wp-content\/uploads\/2025\/04\/2AA-768x576.png 768w, https:\/\/noctua-fin.com\/wp-content\/uploads\/2025\/04\/2AA-1536x1152.png 1536w, https:\/\/noctua-fin.com\/wp-content\/uploads\/2025\/04\/2AA-1568x1176.png 1568w, https:\/\/noctua-fin.com\/wp-content\/uploads\/2025\/04\/2AA.png 2048w\" sizes=\"auto, (max-width: 1024px) 100vw, 1024px\" \/><\/figure>\n\n\n\n<figure class=\"wp-block-image size-large\"><img loading=\"lazy\" decoding=\"async\" width=\"768\" height=\"1024\" src=\"https:\/\/noctua-fin.com\/wp-content\/uploads\/2025\/04\/4AA-768x1024.png\" alt=\"\" class=\"wp-image-510\" srcset=\"https:\/\/noctua-fin.com\/wp-content\/uploads\/2025\/04\/4AA-768x1024.png 768w, https:\/\/noctua-fin.com\/wp-content\/uploads\/2025\/04\/4AA-225x300.png 225w, https:\/\/noctua-fin.com\/wp-content\/uploads\/2025\/04\/4AA-1152x1536.png 1152w, https:\/\/noctua-fin.com\/wp-content\/uploads\/2025\/04\/4AA.png 1536w\" sizes=\"auto, (max-width: 768px) 100vw, 768px\" \/><\/figure>\n\n\n\n<figure class=\"wp-block-image size-large\"><img loading=\"lazy\" decoding=\"async\" width=\"768\" height=\"1024\" src=\"https:\/\/noctua-fin.com\/wp-content\/uploads\/2025\/04\/5AA-768x1024.png\" alt=\"\" class=\"wp-image-511\" srcset=\"https:\/\/noctua-fin.com\/wp-content\/uploads\/2025\/04\/5AA-768x1024.png 768w, https:\/\/noctua-fin.com\/wp-content\/uploads\/2025\/04\/5AA-225x300.png 225w, https:\/\/noctua-fin.com\/wp-content\/uploads\/2025\/04\/5AA-1152x1536.png 1152w, https:\/\/noctua-fin.com\/wp-content\/uploads\/2025\/04\/5AA.png 1536w\" sizes=\"auto, (max-width: 768px) 100vw, 768px\" \/><\/figure>\n\n\n\n<figure class=\"wp-block-image size-large\"><img loading=\"lazy\" decoding=\"async\" width=\"768\" height=\"1024\" src=\"https:\/\/noctua-fin.com\/wp-content\/uploads\/2025\/04\/6AA-768x1024.png\" alt=\"\" class=\"wp-image-512\" srcset=\"https:\/\/noctua-fin.com\/wp-content\/uploads\/2025\/04\/6AA-768x1024.png 768w, https:\/\/noctua-fin.com\/wp-content\/uploads\/2025\/04\/6AA-225x300.png 225w, https:\/\/noctua-fin.com\/wp-content\/uploads\/2025\/04\/6AA-1152x1536.png 1152w, https:\/\/noctua-fin.com\/wp-content\/uploads\/2025\/04\/6AA.png 1536w\" sizes=\"auto, (max-width: 768px) 100vw, 768px\" \/><\/figure>\n\n\n\n<figure class=\"wp-block-image size-large\"><img loading=\"lazy\" decoding=\"async\" width=\"768\" height=\"1024\" src=\"https:\/\/noctua-fin.com\/wp-content\/uploads\/2025\/04\/7AA-768x1024.png\" alt=\"\" class=\"wp-image-513\" srcset=\"https:\/\/noctua-fin.com\/wp-content\/uploads\/2025\/04\/7AA-768x1024.png 768w, https:\/\/noctua-fin.com\/wp-content\/uploads\/2025\/04\/7AA-225x300.png 225w, https:\/\/noctua-fin.com\/wp-content\/uploads\/2025\/04\/7AA-1152x1536.png 1152w, https:\/\/noctua-fin.com\/wp-content\/uploads\/2025\/04\/7AA.png 1536w\" sizes=\"auto, (max-width: 768px) 100vw, 768px\" \/><\/figure>\n\n\n\n<figure class=\"wp-block-image size-large\"><img loading=\"lazy\" decoding=\"async\" width=\"768\" height=\"1024\" src=\"https:\/\/noctua-fin.com\/wp-content\/uploads\/2025\/04\/8AA-768x1024.png\" alt=\"\" class=\"wp-image-514\" srcset=\"https:\/\/noctua-fin.com\/wp-content\/uploads\/2025\/04\/8AA-768x1024.png 768w, https:\/\/noctua-fin.com\/wp-content\/uploads\/2025\/04\/8AA-225x300.png 225w, https:\/\/noctua-fin.com\/wp-content\/uploads\/2025\/04\/8AA-1152x1536.png 1152w, https:\/\/noctua-fin.com\/wp-content\/uploads\/2025\/04\/8AA.png 1536w\" sizes=\"auto, (max-width: 768px) 100vw, 768px\" \/><\/figure>\n\n\n\n<figure class=\"wp-block-image size-large\"><img loading=\"lazy\" decoding=\"async\" width=\"1024\" height=\"768\" src=\"https:\/\/noctua-fin.com\/wp-content\/uploads\/2025\/04\/9A-1024x768.jpg\" alt=\"\" class=\"wp-image-515\" srcset=\"https:\/\/noctua-fin.com\/wp-content\/uploads\/2025\/04\/9A-1024x768.jpg 1024w, https:\/\/noctua-fin.com\/wp-content\/uploads\/2025\/04\/9A-300x225.jpg 300w, https:\/\/noctua-fin.com\/wp-content\/uploads\/2025\/04\/9A-768x576.jpg 768w, https:\/\/noctua-fin.com\/wp-content\/uploads\/2025\/04\/9A-1536x1152.jpg 1536w, https:\/\/noctua-fin.com\/wp-content\/uploads\/2025\/04\/9A-2048x1536.jpg 2048w, https:\/\/noctua-fin.com\/wp-content\/uploads\/2025\/04\/9A-1568x1176.jpg 1568w\" sizes=\"auto, (max-width: 1024px) 100vw, 1024px\" \/><\/figure>\n\n\n\n<p>Sprzedam lokal mieszkalny w Trawnikach, po\u0142o\u017conych w odleg\u0142o\u015bci ok. 30 km od \u015awidnika, usytuowany na 4 pi\u0119trze bloku sp\u00f3\u0142dzielczego.<\/p>\n\n\n\n<p>Lokal sk\u0142ada si\u0119 z 2 pokoi, kuchni, \u0142azienki z wc, przedpokoju o \u0142\u0105cznej powierzchni u\u017cytkowej 51,0 m2 oraz piwnicy. Podane na ostatnim zdj\u0119ciu powierzchnie pomieszcze\u0144 s\u0105 warto\u015bciami przybli\u017conymi.<br>Media: woda, pr\u0105d, ogrzewanie centralne.<br>Czynsz w okolicach 690z\u0142 (w czynszu zaliczka na ogrzewanie CO, zimn\u0105 wod\u0119 i \u015bcieki).<\/p>\n\n\n\n<p>W pobli\u017cu p\u0142ynie rzeka Wieprz, teren cichy, spokojny, du\u017co zieleni, p\u00f3l i las\u00f3w. W niedalekiej odleg\u0142o\u015bci znajduje si\u0119 apteka, sklep Lewiatan\/Stokrotka, plac zabaw, piekarnia itp. Ma\u0142a miejscowo\u015b\u0107, wsz\u0119dzie blisko, kameralnie, rodzinnie.<\/p>\n\n\n\n<p>Powy\u017csze og\u0142oszenie nie stanowi oferty w rozumieniu Kodeksu Cywilnego i ma charakter wy\u0142\u0105cznie informacyjny.<\/p>\n\n\n\n<p>W razie pyta\u0144 zapraszamy do kontaktu:<br><strong>Noctua Finanse i Nieruchomo\u015bci<br>667 045 327<\/strong><\/p>\n","protected":false},"excerpt":{"rendered":"<p>Zobacz na OLX Cena: 281 319z\u0142 netto Sprzedam lokal mieszkalny w Trawnikach, po\u0142o\u017conych w odleg\u0142o\u015bci ok. 30 km od \u015awidnika, usytuowany na 4 pi\u0119trze bloku sp\u00f3\u0142dzielczego. Lokal sk\u0142ada si\u0119 z 2 pokoi, kuchni, \u0142azienki z wc, przedpokoju o \u0142\u0105cznej powierzchni u\u017cytkowej 51,0 m2 oraz piwnicy. Podane na ostatnim zdj\u0119ciu powierzchnie pomieszcze\u0144 s\u0105 warto\u015bciami przybli\u017conymi.Media: woda, [&hellip;]<\/p>\n","protected":false},"author":1,"featured_media":0,"parent":0,"menu_order":0,"comment_status":"closed","ping_status":"closed","template":"","meta":{"footnotes":""},"class_list":["post-453","page","type-page","status-publish","hentry"],"_links":{"self":[{"href":"https:\/\/noctua-fin.com\/index.php\/wp-json\/wp\/v2\/pages\/453","targetHints":{"allow":["GET"]}}],"collection":[{"href":"https:\/\/noctua-fin.com\/index.php\/wp-json\/wp\/v2\/pages"}],"about":[{"href":"https:\/\/noctua-fin.com\/index.php\/wp-json\/wp\/v2\/types\/page"}],"author":[{"embeddable":true,"href":"https:\/\/noctua-fin.com\/index.php\/wp-json\/wp\/v2\/users\/1"}],"replies":[{"embeddable":true,"href":"https:\/\/noctua-fin.com\/index.php\/wp-json\/wp\/v2\/comments?post=453"}],"version-history":[{"count":7,"href":"https:\/\/noctua-fin.com\/index.php\/wp-json\/wp\/v2\/pages\/453\/revisions"}],"predecessor-version":[{"id":517,"href":"https:\/\/noctua-fin.com\/index.php\/wp-json\/wp\/v2\/pages\/453\/revisions\/517"}],"wp:attachment":[{"href":"https:\/\/noctua-fin.com\/index.php\/wp-json\/wp\/v2\/media?parent=453"}],"curies":[{"name":"wp","href":"https:\/\/api.w.org\/{rel}","templated":true}]}}