{"id":472,"date":"2025-04-04T14:10:48","date_gmt":"2025-04-04T14:10:48","guid":{"rendered":"https:\/\/noctua-fin.com\/?page_id=472"},"modified":"2025-04-04T15:46:41","modified_gmt":"2025-04-04T15:46:41","slug":"dom-z-duza-dzialka-struza-kolonia","status":"publish","type":"page","link":"https:\/\/noctua-fin.com\/index.php\/dom-z-duza-dzialka-struza-kolonia\/","title":{"rendered":"DOM z du\u017c\u0105 dzia\u0142k\u0105 Stru\u017ca Kolonia"},"content":{"rendered":"\n<p><a href=\"https:\/\/www.olx.pl\/d\/oferta\/dom-z-duza-dzialka-struza-kolonia-CID3-ID12HNKT.html\" target=\"_blank\" rel=\"noreferrer noopener\">Zobacz na OLX<\/a><\/p>\n\n\n\n<p><strong>Cena: 791 953z\u0142 netto<\/strong><\/p>\n\n\n\n<figure class=\"wp-block-image size-large\"><img loading=\"lazy\" decoding=\"async\" width=\"1024\" height=\"768\" src=\"https:\/\/noctua-fin.com\/wp-content\/uploads\/2025\/04\/Zdjecie-WhatsApp-2024-10-25-o-16.14.52_bddefcae-1-1024x768.jpg\" alt=\"\" class=\"wp-image-486\" srcset=\"https:\/\/noctua-fin.com\/wp-content\/uploads\/2025\/04\/Zdjecie-WhatsApp-2024-10-25-o-16.14.52_bddefcae-1-1024x768.jpg 1024w, https:\/\/noctua-fin.com\/wp-content\/uploads\/2025\/04\/Zdjecie-WhatsApp-2024-10-25-o-16.14.52_bddefcae-1-300x225.jpg 300w, https:\/\/noctua-fin.com\/wp-content\/uploads\/2025\/04\/Zdjecie-WhatsApp-2024-10-25-o-16.14.52_bddefcae-1-768x576.jpg 768w, https:\/\/noctua-fin.com\/wp-content\/uploads\/2025\/04\/Zdjecie-WhatsApp-2024-10-25-o-16.14.52_bddefcae-1-1536x1152.jpg 1536w, https:\/\/noctua-fin.com\/wp-content\/uploads\/2025\/04\/Zdjecie-WhatsApp-2024-10-25-o-16.14.52_bddefcae-1-1568x1176.jpg 1568w, https:\/\/noctua-fin.com\/wp-content\/uploads\/2025\/04\/Zdjecie-WhatsApp-2024-10-25-o-16.14.52_bddefcae-1.jpg 1600w\" sizes=\"auto, (max-width: 1024px) 100vw, 1024px\" \/><\/figure>\n\n\n\n<figure class=\"wp-block-image size-large\"><img loading=\"lazy\" decoding=\"async\" width=\"1024\" height=\"768\" src=\"https:\/\/noctua-fin.com\/wp-content\/uploads\/2025\/04\/Zdjecie-WhatsApp-2024-10-25-o-16.14.53_1fcf6847-1024x768.jpg\" alt=\"\" class=\"wp-image-487\" srcset=\"https:\/\/noctua-fin.com\/wp-content\/uploads\/2025\/04\/Zdjecie-WhatsApp-2024-10-25-o-16.14.53_1fcf6847-1024x768.jpg 1024w, https:\/\/noctua-fin.com\/wp-content\/uploads\/2025\/04\/Zdjecie-WhatsApp-2024-10-25-o-16.14.53_1fcf6847-300x225.jpg 300w, https:\/\/noctua-fin.com\/wp-content\/uploads\/2025\/04\/Zdjecie-WhatsApp-2024-10-25-o-16.14.53_1fcf6847-768x576.jpg 768w, https:\/\/noctua-fin.com\/wp-content\/uploads\/2025\/04\/Zdjecie-WhatsApp-2024-10-25-o-16.14.53_1fcf6847-1536x1152.jpg 1536w, https:\/\/noctua-fin.com\/wp-content\/uploads\/2025\/04\/Zdjecie-WhatsApp-2024-10-25-o-16.14.53_1fcf6847-1568x1176.jpg 1568w, https:\/\/noctua-fin.com\/wp-content\/uploads\/2025\/04\/Zdjecie-WhatsApp-2024-10-25-o-16.14.53_1fcf6847.jpg 1600w\" sizes=\"auto, (max-width: 1024px) 100vw, 1024px\" \/><\/figure>\n\n\n\n<figure class=\"wp-block-image size-large\"><img loading=\"lazy\" decoding=\"async\" width=\"1024\" height=\"768\" src=\"https:\/\/noctua-fin.com\/wp-content\/uploads\/2025\/04\/Zdjecie-WhatsApp-2024-10-25-o-16.14.51_abbc9956-1024x768.jpg\" alt=\"\" class=\"wp-image-488\" srcset=\"https:\/\/noctua-fin.com\/wp-content\/uploads\/2025\/04\/Zdjecie-WhatsApp-2024-10-25-o-16.14.51_abbc9956-1024x768.jpg 1024w, https:\/\/noctua-fin.com\/wp-content\/uploads\/2025\/04\/Zdjecie-WhatsApp-2024-10-25-o-16.14.51_abbc9956-300x225.jpg 300w, https:\/\/noctua-fin.com\/wp-content\/uploads\/2025\/04\/Zdjecie-WhatsApp-2024-10-25-o-16.14.51_abbc9956-768x576.jpg 768w, https:\/\/noctua-fin.com\/wp-content\/uploads\/2025\/04\/Zdjecie-WhatsApp-2024-10-25-o-16.14.51_abbc9956-1536x1152.jpg 1536w, https:\/\/noctua-fin.com\/wp-content\/uploads\/2025\/04\/Zdjecie-WhatsApp-2024-10-25-o-16.14.51_abbc9956-1568x1176.jpg 1568w, https:\/\/noctua-fin.com\/wp-content\/uploads\/2025\/04\/Zdjecie-WhatsApp-2024-10-25-o-16.14.51_abbc9956.jpg 1600w\" sizes=\"auto, (max-width: 1024px) 100vw, 1024px\" \/><\/figure>\n\n\n\n<figure class=\"wp-block-image size-large\"><img loading=\"lazy\" decoding=\"async\" width=\"1024\" height=\"768\" src=\"https:\/\/noctua-fin.com\/wp-content\/uploads\/2025\/04\/Zdjecie-WhatsApp-2024-10-25-o-16.14.53_53276ed5-1024x768.jpg\" alt=\"\" class=\"wp-image-489\" srcset=\"https:\/\/noctua-fin.com\/wp-content\/uploads\/2025\/04\/Zdjecie-WhatsApp-2024-10-25-o-16.14.53_53276ed5-1024x768.jpg 1024w, https:\/\/noctua-fin.com\/wp-content\/uploads\/2025\/04\/Zdjecie-WhatsApp-2024-10-25-o-16.14.53_53276ed5-300x225.jpg 300w, https:\/\/noctua-fin.com\/wp-content\/uploads\/2025\/04\/Zdjecie-WhatsApp-2024-10-25-o-16.14.53_53276ed5-768x576.jpg 768w, https:\/\/noctua-fin.com\/wp-content\/uploads\/2025\/04\/Zdjecie-WhatsApp-2024-10-25-o-16.14.53_53276ed5-1536x1152.jpg 1536w, https:\/\/noctua-fin.com\/wp-content\/uploads\/2025\/04\/Zdjecie-WhatsApp-2024-10-25-o-16.14.53_53276ed5-1568x1176.jpg 1568w, https:\/\/noctua-fin.com\/wp-content\/uploads\/2025\/04\/Zdjecie-WhatsApp-2024-10-25-o-16.14.53_53276ed5.jpg 1600w\" sizes=\"auto, (max-width: 1024px) 100vw, 1024px\" \/><\/figure>\n\n\n\n<figure class=\"wp-block-image size-large\"><img loading=\"lazy\" decoding=\"async\" width=\"1024\" height=\"768\" src=\"https:\/\/noctua-fin.com\/wp-content\/uploads\/2025\/04\/Zdjecie-WhatsApp-2024-10-25-o-16.14.53_feab0582-1-1024x768.jpg\" alt=\"\" class=\"wp-image-490\" srcset=\"https:\/\/noctua-fin.com\/wp-content\/uploads\/2025\/04\/Zdjecie-WhatsApp-2024-10-25-o-16.14.53_feab0582-1-1024x768.jpg 1024w, https:\/\/noctua-fin.com\/wp-content\/uploads\/2025\/04\/Zdjecie-WhatsApp-2024-10-25-o-16.14.53_feab0582-1-300x225.jpg 300w, https:\/\/noctua-fin.com\/wp-content\/uploads\/2025\/04\/Zdjecie-WhatsApp-2024-10-25-o-16.14.53_feab0582-1-768x576.jpg 768w, https:\/\/noctua-fin.com\/wp-content\/uploads\/2025\/04\/Zdjecie-WhatsApp-2024-10-25-o-16.14.53_feab0582-1-1536x1152.jpg 1536w, https:\/\/noctua-fin.com\/wp-content\/uploads\/2025\/04\/Zdjecie-WhatsApp-2024-10-25-o-16.14.53_feab0582-1-1568x1176.jpg 1568w, https:\/\/noctua-fin.com\/wp-content\/uploads\/2025\/04\/Zdjecie-WhatsApp-2024-10-25-o-16.14.53_feab0582-1.jpg 1600w\" sizes=\"auto, (max-width: 1024px) 100vw, 1024px\" \/><\/figure>\n\n\n\n<figure class=\"wp-block-image size-large\"><img loading=\"lazy\" decoding=\"async\" width=\"1024\" height=\"768\" src=\"https:\/\/noctua-fin.com\/wp-content\/uploads\/2025\/04\/Zdjecie-WhatsApp-2024-10-25-o-16.14.53_3db37cdf-1024x768.jpg\" alt=\"\" class=\"wp-image-491\" srcset=\"https:\/\/noctua-fin.com\/wp-content\/uploads\/2025\/04\/Zdjecie-WhatsApp-2024-10-25-o-16.14.53_3db37cdf-1024x768.jpg 1024w, https:\/\/noctua-fin.com\/wp-content\/uploads\/2025\/04\/Zdjecie-WhatsApp-2024-10-25-o-16.14.53_3db37cdf-300x225.jpg 300w, https:\/\/noctua-fin.com\/wp-content\/uploads\/2025\/04\/Zdjecie-WhatsApp-2024-10-25-o-16.14.53_3db37cdf-768x576.jpg 768w, https:\/\/noctua-fin.com\/wp-content\/uploads\/2025\/04\/Zdjecie-WhatsApp-2024-10-25-o-16.14.53_3db37cdf-1536x1152.jpg 1536w, https:\/\/noctua-fin.com\/wp-content\/uploads\/2025\/04\/Zdjecie-WhatsApp-2024-10-25-o-16.14.53_3db37cdf-1568x1176.jpg 1568w, https:\/\/noctua-fin.com\/wp-content\/uploads\/2025\/04\/Zdjecie-WhatsApp-2024-10-25-o-16.14.53_3db37cdf.jpg 1600w\" sizes=\"auto, (max-width: 1024px) 100vw, 1024px\" \/><\/figure>\n\n\n\n<figure class=\"wp-block-image size-large\"><img loading=\"lazy\" decoding=\"async\" width=\"1024\" height=\"768\" src=\"https:\/\/noctua-fin.com\/wp-content\/uploads\/2025\/04\/Zdjecie-WhatsApp-2024-10-25-o-16.14.31_a4adf594-1024x768.jpg\" alt=\"\" class=\"wp-image-492\" srcset=\"https:\/\/noctua-fin.com\/wp-content\/uploads\/2025\/04\/Zdjecie-WhatsApp-2024-10-25-o-16.14.31_a4adf594-1024x768.jpg 1024w, https:\/\/noctua-fin.com\/wp-content\/uploads\/2025\/04\/Zdjecie-WhatsApp-2024-10-25-o-16.14.31_a4adf594-300x225.jpg 300w, https:\/\/noctua-fin.com\/wp-content\/uploads\/2025\/04\/Zdjecie-WhatsApp-2024-10-25-o-16.14.31_a4adf594-768x576.jpg 768w, https:\/\/noctua-fin.com\/wp-content\/uploads\/2025\/04\/Zdjecie-WhatsApp-2024-10-25-o-16.14.31_a4adf594.jpg 1280w\" sizes=\"auto, (max-width: 1024px) 100vw, 1024px\" \/><\/figure>\n\n\n\n<figure class=\"wp-block-image size-large\"><img loading=\"lazy\" decoding=\"async\" width=\"1024\" height=\"768\" src=\"https:\/\/noctua-fin.com\/wp-content\/uploads\/2025\/04\/Zdjecie-WhatsApp-2024-10-25-o-16.14.31_d7024068-1024x768.jpg\" alt=\"\" class=\"wp-image-493\" srcset=\"https:\/\/noctua-fin.com\/wp-content\/uploads\/2025\/04\/Zdjecie-WhatsApp-2024-10-25-o-16.14.31_d7024068-1024x768.jpg 1024w, https:\/\/noctua-fin.com\/wp-content\/uploads\/2025\/04\/Zdjecie-WhatsApp-2024-10-25-o-16.14.31_d7024068-300x225.jpg 300w, https:\/\/noctua-fin.com\/wp-content\/uploads\/2025\/04\/Zdjecie-WhatsApp-2024-10-25-o-16.14.31_d7024068-768x576.jpg 768w, https:\/\/noctua-fin.com\/wp-content\/uploads\/2025\/04\/Zdjecie-WhatsApp-2024-10-25-o-16.14.31_d7024068.jpg 1280w\" sizes=\"auto, (max-width: 1024px) 100vw, 1024px\" \/><\/figure>\n\n\n\n<figure class=\"wp-block-image size-large\"><img loading=\"lazy\" decoding=\"async\" width=\"1024\" height=\"768\" src=\"https:\/\/noctua-fin.com\/wp-content\/uploads\/2025\/04\/Zdjecie-WhatsApp-2024-10-25-o-16.14.31_c564004b-1024x768.jpg\" alt=\"\" class=\"wp-image-494\" srcset=\"https:\/\/noctua-fin.com\/wp-content\/uploads\/2025\/04\/Zdjecie-WhatsApp-2024-10-25-o-16.14.31_c564004b-1024x768.jpg 1024w, https:\/\/noctua-fin.com\/wp-content\/uploads\/2025\/04\/Zdjecie-WhatsApp-2024-10-25-o-16.14.31_c564004b-300x225.jpg 300w, https:\/\/noctua-fin.com\/wp-content\/uploads\/2025\/04\/Zdjecie-WhatsApp-2024-10-25-o-16.14.31_c564004b-768x576.jpg 768w, https:\/\/noctua-fin.com\/wp-content\/uploads\/2025\/04\/Zdjecie-WhatsApp-2024-10-25-o-16.14.31_c564004b.jpg 1280w\" sizes=\"auto, (max-width: 1024px) 100vw, 1024px\" \/><\/figure>\n\n\n\n<figure class=\"wp-block-image size-large\"><img loading=\"lazy\" decoding=\"async\" width=\"768\" height=\"1024\" src=\"https:\/\/noctua-fin.com\/wp-content\/uploads\/2025\/04\/Zdjecie-WhatsApp-2024-10-25-o-16.15.30_c111a608-768x1024.jpg\" alt=\"\" class=\"wp-image-495\" srcset=\"https:\/\/noctua-fin.com\/wp-content\/uploads\/2025\/04\/Zdjecie-WhatsApp-2024-10-25-o-16.15.30_c111a608-768x1024.jpg 768w, https:\/\/noctua-fin.com\/wp-content\/uploads\/2025\/04\/Zdjecie-WhatsApp-2024-10-25-o-16.15.30_c111a608-225x300.jpg 225w, https:\/\/noctua-fin.com\/wp-content\/uploads\/2025\/04\/Zdjecie-WhatsApp-2024-10-25-o-16.15.30_c111a608-1152x1536.jpg 1152w, https:\/\/noctua-fin.com\/wp-content\/uploads\/2025\/04\/Zdjecie-WhatsApp-2024-10-25-o-16.15.30_c111a608.jpg 1200w\" sizes=\"auto, (max-width: 768px) 100vw, 768px\" \/><\/figure>\n\n\n\n<figure class=\"wp-block-image size-large\"><img loading=\"lazy\" decoding=\"async\" width=\"1024\" height=\"768\" src=\"https:\/\/noctua-fin.com\/wp-content\/uploads\/2025\/04\/Zdjecie-WhatsApp-2024-10-25-o-16.15.31_4d797a2f-1024x768.jpg\" alt=\"\" class=\"wp-image-496\" srcset=\"https:\/\/noctua-fin.com\/wp-content\/uploads\/2025\/04\/Zdjecie-WhatsApp-2024-10-25-o-16.15.31_4d797a2f-1024x768.jpg 1024w, https:\/\/noctua-fin.com\/wp-content\/uploads\/2025\/04\/Zdjecie-WhatsApp-2024-10-25-o-16.15.31_4d797a2f-300x225.jpg 300w, https:\/\/noctua-fin.com\/wp-content\/uploads\/2025\/04\/Zdjecie-WhatsApp-2024-10-25-o-16.15.31_4d797a2f-768x576.jpg 768w, https:\/\/noctua-fin.com\/wp-content\/uploads\/2025\/04\/Zdjecie-WhatsApp-2024-10-25-o-16.15.31_4d797a2f-1536x1152.jpg 1536w, https:\/\/noctua-fin.com\/wp-content\/uploads\/2025\/04\/Zdjecie-WhatsApp-2024-10-25-o-16.15.31_4d797a2f-1568x1176.jpg 1568w, https:\/\/noctua-fin.com\/wp-content\/uploads\/2025\/04\/Zdjecie-WhatsApp-2024-10-25-o-16.15.31_4d797a2f.jpg 1600w\" sizes=\"auto, (max-width: 1024px) 100vw, 1024px\" \/><\/figure>\n\n\n\n<figure class=\"wp-block-image size-large\"><img loading=\"lazy\" decoding=\"async\" width=\"1024\" height=\"768\" src=\"https:\/\/noctua-fin.com\/wp-content\/uploads\/2025\/04\/Zdjecie-WhatsApp-2024-10-25-o-16.15.31_467c17d2-1024x768.jpg\" alt=\"\" class=\"wp-image-497\" srcset=\"https:\/\/noctua-fin.com\/wp-content\/uploads\/2025\/04\/Zdjecie-WhatsApp-2024-10-25-o-16.15.31_467c17d2-1024x768.jpg 1024w, https:\/\/noctua-fin.com\/wp-content\/uploads\/2025\/04\/Zdjecie-WhatsApp-2024-10-25-o-16.15.31_467c17d2-300x225.jpg 300w, https:\/\/noctua-fin.com\/wp-content\/uploads\/2025\/04\/Zdjecie-WhatsApp-2024-10-25-o-16.15.31_467c17d2-768x576.jpg 768w, https:\/\/noctua-fin.com\/wp-content\/uploads\/2025\/04\/Zdjecie-WhatsApp-2024-10-25-o-16.15.31_467c17d2-1536x1152.jpg 1536w, https:\/\/noctua-fin.com\/wp-content\/uploads\/2025\/04\/Zdjecie-WhatsApp-2024-10-25-o-16.15.31_467c17d2-1568x1176.jpg 1568w, https:\/\/noctua-fin.com\/wp-content\/uploads\/2025\/04\/Zdjecie-WhatsApp-2024-10-25-o-16.15.31_467c17d2.jpg 1600w\" sizes=\"auto, (max-width: 1024px) 100vw, 1024px\" \/><\/figure>\n\n\n\n<figure class=\"wp-block-image size-large\"><img loading=\"lazy\" decoding=\"async\" width=\"768\" height=\"1024\" src=\"https:\/\/noctua-fin.com\/wp-content\/uploads\/2025\/04\/Zdjecie-WhatsApp-2024-10-25-o-16.14.31_6ef61ba3-768x1024.jpg\" alt=\"\" class=\"wp-image-498\" srcset=\"https:\/\/noctua-fin.com\/wp-content\/uploads\/2025\/04\/Zdjecie-WhatsApp-2024-10-25-o-16.14.31_6ef61ba3-768x1024.jpg 768w, https:\/\/noctua-fin.com\/wp-content\/uploads\/2025\/04\/Zdjecie-WhatsApp-2024-10-25-o-16.14.31_6ef61ba3-225x300.jpg 225w, https:\/\/noctua-fin.com\/wp-content\/uploads\/2025\/04\/Zdjecie-WhatsApp-2024-10-25-o-16.14.31_6ef61ba3.jpg 960w\" sizes=\"auto, (max-width: 768px) 100vw, 768px\" \/><\/figure>\n\n\n\n<figure class=\"wp-block-image size-large\"><img loading=\"lazy\" decoding=\"async\" width=\"768\" height=\"1024\" src=\"https:\/\/noctua-fin.com\/wp-content\/uploads\/2025\/04\/Zdjecie-WhatsApp-2024-10-25-o-16.14.31_9c44e79f-768x1024.jpg\" alt=\"\" class=\"wp-image-499\" srcset=\"https:\/\/noctua-fin.com\/wp-content\/uploads\/2025\/04\/Zdjecie-WhatsApp-2024-10-25-o-16.14.31_9c44e79f-768x1024.jpg 768w, https:\/\/noctua-fin.com\/wp-content\/uploads\/2025\/04\/Zdjecie-WhatsApp-2024-10-25-o-16.14.31_9c44e79f-225x300.jpg 225w, https:\/\/noctua-fin.com\/wp-content\/uploads\/2025\/04\/Zdjecie-WhatsApp-2024-10-25-o-16.14.31_9c44e79f.jpg 960w\" sizes=\"auto, (max-width: 768px) 100vw, 768px\" \/><\/figure>\n\n\n\n<figure class=\"wp-block-image size-large\"><img loading=\"lazy\" decoding=\"async\" width=\"768\" height=\"1024\" src=\"https:\/\/noctua-fin.com\/wp-content\/uploads\/2025\/04\/Zdjecie-WhatsApp-2024-10-25-o-16.14.31_909ea2ab-768x1024.jpg\" alt=\"\" class=\"wp-image-500\" srcset=\"https:\/\/noctua-fin.com\/wp-content\/uploads\/2025\/04\/Zdjecie-WhatsApp-2024-10-25-o-16.14.31_909ea2ab-768x1024.jpg 768w, https:\/\/noctua-fin.com\/wp-content\/uploads\/2025\/04\/Zdjecie-WhatsApp-2024-10-25-o-16.14.31_909ea2ab-225x300.jpg 225w, https:\/\/noctua-fin.com\/wp-content\/uploads\/2025\/04\/Zdjecie-WhatsApp-2024-10-25-o-16.14.31_909ea2ab.jpg 960w\" sizes=\"auto, (max-width: 768px) 100vw, 768px\" \/><\/figure>\n\n\n\n<figure class=\"wp-block-image size-large\"><img loading=\"lazy\" decoding=\"async\" width=\"768\" height=\"1024\" src=\"https:\/\/noctua-fin.com\/wp-content\/uploads\/2025\/04\/Zdjecie-WhatsApp-2024-10-25-o-16.14.31_10439719-768x1024.jpg\" alt=\"\" class=\"wp-image-501\" srcset=\"https:\/\/noctua-fin.com\/wp-content\/uploads\/2025\/04\/Zdjecie-WhatsApp-2024-10-25-o-16.14.31_10439719-768x1024.jpg 768w, https:\/\/noctua-fin.com\/wp-content\/uploads\/2025\/04\/Zdjecie-WhatsApp-2024-10-25-o-16.14.31_10439719-225x300.jpg 225w, https:\/\/noctua-fin.com\/wp-content\/uploads\/2025\/04\/Zdjecie-WhatsApp-2024-10-25-o-16.14.31_10439719.jpg 960w\" sizes=\"auto, (max-width: 768px) 100vw, 768px\" \/><\/figure>\n\n\n\n<figure class=\"wp-block-image size-large\"><img loading=\"lazy\" decoding=\"async\" width=\"768\" height=\"1024\" src=\"https:\/\/noctua-fin.com\/wp-content\/uploads\/2025\/04\/Zdjecie-WhatsApp-2024-10-25-o-16.14.31_b6bad645-768x1024.jpg\" alt=\"\" class=\"wp-image-502\" srcset=\"https:\/\/noctua-fin.com\/wp-content\/uploads\/2025\/04\/Zdjecie-WhatsApp-2024-10-25-o-16.14.31_b6bad645-768x1024.jpg 768w, https:\/\/noctua-fin.com\/wp-content\/uploads\/2025\/04\/Zdjecie-WhatsApp-2024-10-25-o-16.14.31_b6bad645-225x300.jpg 225w, https:\/\/noctua-fin.com\/wp-content\/uploads\/2025\/04\/Zdjecie-WhatsApp-2024-10-25-o-16.14.31_b6bad645.jpg 960w\" sizes=\"auto, (max-width: 768px) 100vw, 768px\" \/><\/figure>\n\n\n\n<figure class=\"wp-block-image size-large\"><img loading=\"lazy\" decoding=\"async\" width=\"768\" height=\"1024\" src=\"https:\/\/noctua-fin.com\/wp-content\/uploads\/2025\/04\/Zdjecie-WhatsApp-2024-10-25-o-16.14.32_6b597c80-768x1024.jpg\" alt=\"\" class=\"wp-image-503\" srcset=\"https:\/\/noctua-fin.com\/wp-content\/uploads\/2025\/04\/Zdjecie-WhatsApp-2024-10-25-o-16.14.32_6b597c80-768x1024.jpg 768w, https:\/\/noctua-fin.com\/wp-content\/uploads\/2025\/04\/Zdjecie-WhatsApp-2024-10-25-o-16.14.32_6b597c80-225x300.jpg 225w, https:\/\/noctua-fin.com\/wp-content\/uploads\/2025\/04\/Zdjecie-WhatsApp-2024-10-25-o-16.14.32_6b597c80.jpg 960w\" sizes=\"auto, (max-width: 768px) 100vw, 768px\" \/><\/figure>\n\n\n\n<figure class=\"wp-block-image size-large\"><img loading=\"lazy\" decoding=\"async\" width=\"768\" height=\"1024\" src=\"https:\/\/noctua-fin.com\/wp-content\/uploads\/2025\/04\/Zdjecie-WhatsApp-2024-10-25-o-16.14.32_a71c1d48-768x1024.jpg\" alt=\"\" class=\"wp-image-504\" srcset=\"https:\/\/noctua-fin.com\/wp-content\/uploads\/2025\/04\/Zdjecie-WhatsApp-2024-10-25-o-16.14.32_a71c1d48-768x1024.jpg 768w, https:\/\/noctua-fin.com\/wp-content\/uploads\/2025\/04\/Zdjecie-WhatsApp-2024-10-25-o-16.14.32_a71c1d48-225x300.jpg 225w, https:\/\/noctua-fin.com\/wp-content\/uploads\/2025\/04\/Zdjecie-WhatsApp-2024-10-25-o-16.14.32_a71c1d48.jpg 960w\" sizes=\"auto, (max-width: 768px) 100vw, 768px\" \/><\/figure>\n\n\n\n<figure class=\"wp-block-image size-large\"><img loading=\"lazy\" decoding=\"async\" width=\"1024\" height=\"569\" src=\"https:\/\/noctua-fin.com\/wp-content\/uploads\/2025\/04\/Struza-Kolonia-1024x569.jpg\" alt=\"\" class=\"wp-image-518\" srcset=\"https:\/\/noctua-fin.com\/wp-content\/uploads\/2025\/04\/Struza-Kolonia-1024x569.jpg 1024w, https:\/\/noctua-fin.com\/wp-content\/uploads\/2025\/04\/Struza-Kolonia-300x167.jpg 300w, https:\/\/noctua-fin.com\/wp-content\/uploads\/2025\/04\/Struza-Kolonia-768x427.jpg 768w, https:\/\/noctua-fin.com\/wp-content\/uploads\/2025\/04\/Struza-Kolonia.jpg 1169w\" sizes=\"auto, (max-width: 1024px) 100vw, 1024px\" \/><\/figure>\n\n\n\n<p>Sprzedam przestronny dom z dzia\u0142k\u0105 w miejscowo\u015bci Stru\u017ca Kolonia, gmina Trawniki, po\u0142o\u017cony w odleg\u0142o\u015bci ok. 25 km od \u015awidnika.<\/p>\n\n\n\n<p>Dom jest 2- pi\u0119trowy, sk\u0142ada si\u0119 z 6 pokoi, 2 kuchni, 4 \u0142azienek i korytarzy o \u0142\u0105cznej powierzchni 220m2. W sk\u0142ad domu wchodzi tak\u017ce strych, piwnica oraz kot\u0142ownia.<br>Pozosta\u0142e informacje: Dom ogrzewany kot\u0142em na pellet, szambo, studnia w\u0142asna, woda z sieci, pr\u0105d, bez gazu, okna plastikowe.<br>Podatek od nieruchomo\u015bci w okolicach 300-400z\u0142 rocznie.<\/p>\n\n\n\n<p>Dom po\u0142o\u017cony jest na malowniczej dzia\u0142ce o powierzchni 38 ar\u00f3w, z przyjemnym ogrodem, drzewami, krzewami, kwiatami i drewnian\u0105 hu\u015btawk\u0105.<\/p>\n\n\n\n<p>W okolicy p\u0142ynie ma\u0142a rzeka Gie\u0142czew, teren cichy, spokojny, du\u017co zieleni, p\u00f3l i las\u00f3w.<\/p>\n\n\n\n<p>Powy\u017csze og\u0142oszenie nie stanowi oferty w rozumieniu Kodeksu Cywilnego i ma charakter wy\u0142\u0105cznie informacyjny.<\/p>\n\n\n\n<p>W razie pyta\u0144 zapraszamy do kontaktu:<br><strong>Noctua Finanse i Nieruchomo\u015bci<br>667 045 327<\/strong><\/p>\n\n\n\n<p><\/p>\n","protected":false},"excerpt":{"rendered":"<p>Zobacz na OLX Cena: 791 953z\u0142 netto Sprzedam przestronny dom z dzia\u0142k\u0105 w miejscowo\u015bci Stru\u017ca Kolonia, gmina Trawniki, po\u0142o\u017cony w odleg\u0142o\u015bci ok. 25 km od \u015awidnika. Dom jest 2- pi\u0119trowy, sk\u0142ada si\u0119 z 6 pokoi, 2 kuchni, 4 \u0142azienek i korytarzy o \u0142\u0105cznej powierzchni 220m2. W sk\u0142ad domu wchodzi tak\u017ce strych, piwnica oraz kot\u0142ownia.Pozosta\u0142e informacje: [&hellip;]<\/p>\n","protected":false},"author":1,"featured_media":0,"parent":0,"menu_order":0,"comment_status":"closed","ping_status":"closed","template":"","meta":{"footnotes":""},"class_list":["post-472","page","type-page","status-publish","hentry"],"_links":{"self":[{"href":"https:\/\/noctua-fin.com\/index.php\/wp-json\/wp\/v2\/pages\/472","targetHints":{"allow":["GET"]}}],"collection":[{"href":"https:\/\/noctua-fin.com\/index.php\/wp-json\/wp\/v2\/pages"}],"about":[{"href":"https:\/\/noctua-fin.com\/index.php\/wp-json\/wp\/v2\/types\/page"}],"author":[{"embeddable":true,"href":"https:\/\/noctua-fin.com\/index.php\/wp-json\/wp\/v2\/users\/1"}],"replies":[{"embeddable":true,"href":"https:\/\/noctua-fin.com\/index.php\/wp-json\/wp\/v2\/comments?post=472"}],"version-history":[{"count":5,"href":"https:\/\/noctua-fin.com\/index.php\/wp-json\/wp\/v2\/pages\/472\/revisions"}],"predecessor-version":[{"id":519,"href":"https:\/\/noctua-fin.com\/index.php\/wp-json\/wp\/v2\/pages\/472\/revisions\/519"}],"wp:attachment":[{"href":"https:\/\/noctua-fin.com\/index.php\/wp-json\/wp\/v2\/media?parent=472"}],"curies":[{"name":"wp","href":"https:\/\/api.w.org\/{rel}","templated":true}]}}