{"id":85,"date":"2021-05-17T09:17:43","date_gmt":"2021-05-17T09:17:43","guid":{"rendered":"http:\/\/noctua-fin.com\/?page_id=85"},"modified":"2021-05-22T11:46:07","modified_gmt":"2021-05-22T11:46:07","slug":"rodo","status":"publish","type":"page","link":"https:\/\/noctua-fin.com\/index.php\/rodo\/","title":{"rendered":"RODO"},"content":{"rendered":"\n<h5 class=\"wp-block-heading\">KLAUZULA INFORMACYJNA OCHRONA DANYCH OSOBOWYCH<\/h5>\n\n\n\n<h5 class=\"wp-block-heading\">Zgodnie z art. 13 ust. 1 i ust. 2 og\u00f3lnego rozporz\u0105dzenia o ochronie danych osobowych z dnia 27 kwietnia 2016 r. informujemy, i\u017c:<\/h5>\n\n\n\n<p>1. Administratorem danych, w rozumieniu art. 4 pkt 7 Rozporz\u0105dzenia z dnia 27 kwietnia 2016r. o ochronie danych osobowych zawartych w niniejszym o\u015bwiadczeniu jest Noctua Finanse i Nieruchomo\u015bci Sp. z o.o. z siedzib\u0105 w Sobieszyn przy ul. Sobieszyn 31A. tel. 81 307 60 22, e-mail: biuro.swidnik2@noctua-fin.com<br>2. Zebrane dane b\u0119d\u0105 przetwarzane przez Administratora w celach realizacji us\u0142ugi w ramach prowadzonej dzia\u0142alno\u015bci gospodarczej (kontakt z klientem agenta biura, podpisanie umowy po\u015brednictwa, rozliczenie z biurem nieruchomo\u015bci, realizacja wymog\u00f3w ksi\u0119gowo-podatkowych)<br>\u2022 marketingu us\u0142ug w\u0142asnych oraz podmiot\u00f3w wsp\u00f3\u0142pracuj\u0105cych (np. kredyty w banku)<br>\u2022 wysy\u0142anie informacji handlowych drog\u0105 elektroniczn\u0105 \u2013 za zgod\u0105 klienta<br>3. Dane osobowe klienta b\u0119d\u0105 udost\u0119pniane lub powierzane innym odbiorcom (biuro notarialne, biuro ksi\u0119gowe, biuro prawne, inne biuro nieruchomo\u015bci w ramach wsp\u00f3\u0142pracy, podmioty prowadz\u0105ce system wymiany ofert w tym w MLS i Platforma Mieszkaniowa, deweloperzy, firmy dostarczaj\u0105ce programy zarz\u0105dzania biurem oraz narz\u0119dzia informatyczne wykorzystywane na stronach internetowych)<br>4. Podstaw\u0105 prawn\u0105 przetwarzania danych jest zgoda udzielona przez klienta lub ich przetwarzanie jest niezb\u0119dne do wykonania umowy lub podj\u0119cia niezb\u0119dnych dzia\u0142a\u0144 przed jej zawarciem, oraz prawnie uzasadniony cel administratora (marketing bezpo\u015bredni \u2013 nale\u017cy pod tym rozumie\u0107 dzia\u0142ania bezpo\u015brednie lub za po\u015brednictwem tradycyjnej korespondencji wysy\u0142anej listem, oraz na potrzeby ewentualnych roszcze\u0144)<br>5. Dane osobowe b\u0119d\u0105 przechowywane na czas realizacji us\u0142ugi lub d\u0142u\u017cszy, je\u015bli jest prawnie uzasadniony (5 lat licz\u0105c od ko\u0144ca roku rozliczeniowego na potrzeby urz\u0119du skarbowego, 10 lat przewidziane dla przedawnienia roszcze\u0144)<br>6. W przypadku, je\u015bli umowa po\u015brednictwa nie zostanie z klientem zawarta dane osobowe zostan\u0105 trwale usuni\u0119te z bazy danych.<br>7. Podanie danych osobowych ma charakter dobrowolny, jednak\u017ce jest niezb\u0119dne do podj\u0119cia dzia\u0142a\u0144 maj\u0105cych na celu zawarcie umowy i\/lub zapewnienia realizacji zapis\u00f3w i postanowie\u0144 umowy mi\u0119dzy stronami.<br>8. Pani\/Pana dane nie b\u0119d\u0105 przekazywane do pa\u0144stw trzecich.<br>9. Przys\u0142uguje Pa\u0144stwu prawo dost\u0119pu do danych, ich sprostowania, ograniczenia przetwarzania, usuni\u0119cia, jak r\u00f3wnie\u017c do wniesienia sprzeciwu wobec ich przetwarzania w dowolnym momencie.<br>10. Przys\u0142uguje Pa\u0144stwu prawo do cofni\u0119cia zgody na przetwarzanie danych w dowolnym momencie.<br>11. Przys\u0142uguje Pa\u0144stwu prawo do bycia zapomnianymi oraz do przeniesienia swoich danych.<br>12. Pani\/Pana dane b\u0119d\u0105 podlega\u0142y zautomatyzowanemu przetwarzaniu, w tym profilowaniu (art.22 ust 1 i 4) w celu doboru spersonalizowanej oferty spe\u0142niaj\u0105cej oczekiwania i warunku klienta.<br>13. Przys\u0142uguje Pa\u0144stwu prawo do wniesienia skargi do Generalnego Inspektora Ochrony Danych Osobowych w przypadku naruszenia warunk\u00f3w, o kt\u00f3rych mowa powy\u017cej lub przetwarzanie narusza przepisy og\u00f3lnego rozporz\u0105dzenia o ochronie danych osobowych z dnia 27 kwietnia 2016 r.<\/p>\n","protected":false},"excerpt":{"rendered":"<p>KLAUZULA INFORMACYJNA OCHRONA DANYCH OSOBOWYCH Zgodnie z art. 13 ust. 1 i ust. 2 og\u00f3lnego rozporz\u0105dzenia o ochronie danych osobowych z dnia 27 kwietnia 2016 r. informujemy, i\u017c: 1. Administratorem danych, w rozumieniu art. 4 pkt 7 Rozporz\u0105dzenia z dnia 27 kwietnia 2016r. o ochronie danych osobowych zawartych w niniejszym o\u015bwiadczeniu jest Noctua Finanse i [&hellip;]<\/p>\n","protected":false},"author":1,"featured_media":0,"parent":0,"menu_order":0,"comment_status":"closed","ping_status":"closed","template":"","meta":{"footnotes":""},"class_list":["post-85","page","type-page","status-publish","hentry"],"_links":{"self":[{"href":"https:\/\/noctua-fin.com\/index.php\/wp-json\/wp\/v2\/pages\/85","targetHints":{"allow":["GET"]}}],"collection":[{"href":"https:\/\/noctua-fin.com\/index.php\/wp-json\/wp\/v2\/pages"}],"about":[{"href":"https:\/\/noctua-fin.com\/index.php\/wp-json\/wp\/v2\/types\/page"}],"author":[{"embeddable":true,"href":"https:\/\/noctua-fin.com\/index.php\/wp-json\/wp\/v2\/users\/1"}],"replies":[{"embeddable":true,"href":"https:\/\/noctua-fin.com\/index.php\/wp-json\/wp\/v2\/comments?post=85"}],"version-history":[{"count":4,"href":"https:\/\/noctua-fin.com\/index.php\/wp-json\/wp\/v2\/pages\/85\/revisions"}],"predecessor-version":[{"id":109,"href":"https:\/\/noctua-fin.com\/index.php\/wp-json\/wp\/v2\/pages\/85\/revisions\/109"}],"wp:attachment":[{"href":"https:\/\/noctua-fin.com\/index.php\/wp-json\/wp\/v2\/media?parent=85"}],"curies":[{"name":"wp","href":"https:\/\/api.w.org\/{rel}","templated":true}]}}