{"id":96,"date":"2021-05-17T21:59:09","date_gmt":"2021-05-17T21:59:09","guid":{"rendered":"https:\/\/noctua-fin.com\/?page_id=96"},"modified":"2021-10-16T09:34:55","modified_gmt":"2021-10-16T09:34:55","slug":"mieszkanie-swidnik-60-m2","status":"publish","type":"page","link":"https:\/\/noctua-fin.com\/index.php\/mieszkanie-swidnik-60-m2\/","title":{"rendered":"Mieszkanie \u015awidnik 59 m2"},"content":{"rendered":"\n<h6 class=\"wp-block-heading\"><a href=\"https:\/\/www.otodom.pl\/pl\/oferta\/gotowe-do-zamieszkania-3-pokojowe-mieszkanie-59m2-ID4bIEe.html\" target=\"_blank\" rel=\"noreferrer noopener\">Zobacz na OTODOM \/ OLX<\/a><\/h6>\n\n\n\n<h5 class=\"wp-block-heading\"><\/h5>\n\n\n\n<p>Na sprzeda\u017c 3-pokojowe mieszkanie o powierzchni 59m<sup>2<\/sup> zlokalizowane przy ul. Okulickiego w \u015awidniku, idealne dla rodziny z dzie\u0107mi. Nieruchomo\u015b\u0107 znajduje si\u0119 na ostatnim pi\u0119trze czteropi\u0119trowego bloku, jej g\u0142\u00f3wne zalety to:<\/p>\n\n\n\n<figure class=\"wp-block-gallery columns-3 is-cropped wp-block-gallery-1 is-layout-flex wp-block-gallery-is-layout-flex\"><ul class=\"blocks-gallery-grid\"><li class=\"blocks-gallery-item\"><figure><img loading=\"lazy\" decoding=\"async\" width=\"940\" height=\"788\" src=\"https:\/\/noctua-fin.com\/wp-content\/uploads\/2021\/05\/1.png\" alt=\"\" data-id=\"114\" data-full-url=\"https:\/\/noctua-fin.com\/wp-content\/uploads\/2021\/05\/1.png\" data-link=\"https:\/\/noctua-fin.com\/index.php\/mieszkanie-swidnik-60-m2\/attachment\/1\/\" class=\"wp-image-114\" srcset=\"https:\/\/noctua-fin.com\/wp-content\/uploads\/2021\/05\/1.png 940w, https:\/\/noctua-fin.com\/wp-content\/uploads\/2021\/05\/1-300x251.png 300w, https:\/\/noctua-fin.com\/wp-content\/uploads\/2021\/05\/1-768x644.png 768w\" sizes=\"auto, (max-width: 940px) 100vw, 940px\" \/><\/figure><\/li><li class=\"blocks-gallery-item\"><figure><img loading=\"lazy\" decoding=\"async\" width=\"724\" height=\"1024\" src=\"https:\/\/noctua-fin.com\/wp-content\/uploads\/2021\/05\/2-724x1024.jpg\" alt=\"\" data-id=\"115\" data-full-url=\"https:\/\/noctua-fin.com\/wp-content\/uploads\/2021\/05\/2.jpg\" data-link=\"https:\/\/noctua-fin.com\/index.php\/mieszkanie-swidnik-60-m2\/attachment\/2\/\" class=\"wp-image-115\" srcset=\"https:\/\/noctua-fin.com\/wp-content\/uploads\/2021\/05\/2-724x1024.jpg 724w, https:\/\/noctua-fin.com\/wp-content\/uploads\/2021\/05\/2-212x300.jpg 212w, https:\/\/noctua-fin.com\/wp-content\/uploads\/2021\/05\/2-768x1086.jpg 768w, https:\/\/noctua-fin.com\/wp-content\/uploads\/2021\/05\/2-1086x1536.jpg 1086w, https:\/\/noctua-fin.com\/wp-content\/uploads\/2021\/05\/2-1448x2048.jpg 1448w, https:\/\/noctua-fin.com\/wp-content\/uploads\/2021\/05\/2-1568x2218.jpg 1568w, https:\/\/noctua-fin.com\/wp-content\/uploads\/2021\/05\/2.jpg 1587w\" sizes=\"auto, (max-width: 724px) 100vw, 724px\" \/><\/figure><\/li><li class=\"blocks-gallery-item\"><figure><img loading=\"lazy\" decoding=\"async\" width=\"724\" height=\"1024\" src=\"https:\/\/noctua-fin.com\/wp-content\/uploads\/2021\/05\/3-724x1024.jpg\" alt=\"\" data-id=\"116\" data-full-url=\"https:\/\/noctua-fin.com\/wp-content\/uploads\/2021\/05\/3.jpg\" data-link=\"https:\/\/noctua-fin.com\/index.php\/mieszkanie-swidnik-60-m2\/attachment\/3\/\" class=\"wp-image-116\" srcset=\"https:\/\/noctua-fin.com\/wp-content\/uploads\/2021\/05\/3-724x1024.jpg 724w, https:\/\/noctua-fin.com\/wp-content\/uploads\/2021\/05\/3-212x300.jpg 212w, https:\/\/noctua-fin.com\/wp-content\/uploads\/2021\/05\/3-768x1086.jpg 768w, https:\/\/noctua-fin.com\/wp-content\/uploads\/2021\/05\/3-1086x1536.jpg 1086w, https:\/\/noctua-fin.com\/wp-content\/uploads\/2021\/05\/3-1448x2048.jpg 1448w, https:\/\/noctua-fin.com\/wp-content\/uploads\/2021\/05\/3-1568x2218.jpg 1568w, https:\/\/noctua-fin.com\/wp-content\/uploads\/2021\/05\/3.jpg 1587w\" sizes=\"auto, (max-width: 724px) 100vw, 724px\" \/><\/figure><\/li><li class=\"blocks-gallery-item\"><figure><img loading=\"lazy\" decoding=\"async\" width=\"1587\" height=\"2245\" src=\"https:\/\/noctua-fin.com\/wp-content\/uploads\/2021\/05\/4-724x1024.jpg\" alt=\"\" data-id=\"117\" data-full-url=\"https:\/\/noctua-fin.com\/wp-content\/uploads\/2021\/05\/4.jpg\" data-link=\"https:\/\/noctua-fin.com\/index.php\/mieszkanie-swidnik-60-m2\/attachment\/4\/\" class=\"wp-image-117\" srcset=\"https:\/\/noctua-fin.com\/wp-content\/uploads\/2021\/05\/4-724x1024.jpg 724w, https:\/\/noctua-fin.com\/wp-content\/uploads\/2021\/05\/4-212x300.jpg 212w, https:\/\/noctua-fin.com\/wp-content\/uploads\/2021\/05\/4-768x1086.jpg 768w, https:\/\/noctua-fin.com\/wp-content\/uploads\/2021\/05\/4-1086x1536.jpg 1086w, https:\/\/noctua-fin.com\/wp-content\/uploads\/2021\/05\/4-1448x2048.jpg 1448w, https:\/\/noctua-fin.com\/wp-content\/uploads\/2021\/05\/4-1568x2218.jpg 1568w, https:\/\/noctua-fin.com\/wp-content\/uploads\/2021\/05\/4.jpg 1587w\" sizes=\"auto, (max-width: 1587px) 100vw, 1587px\" \/><\/figure><\/li><li class=\"blocks-gallery-item\"><figure><img loading=\"lazy\" decoding=\"async\" width=\"724\" height=\"1024\" src=\"https:\/\/noctua-fin.com\/wp-content\/uploads\/2021\/05\/5-724x1024.jpg\" alt=\"\" data-id=\"118\" data-full-url=\"https:\/\/noctua-fin.com\/wp-content\/uploads\/2021\/05\/5.jpg\" data-link=\"https:\/\/noctua-fin.com\/index.php\/mieszkanie-swidnik-60-m2\/attachment\/5\/\" class=\"wp-image-118\" srcset=\"https:\/\/noctua-fin.com\/wp-content\/uploads\/2021\/05\/5-724x1024.jpg 724w, https:\/\/noctua-fin.com\/wp-content\/uploads\/2021\/05\/5-212x300.jpg 212w, https:\/\/noctua-fin.com\/wp-content\/uploads\/2021\/05\/5-768x1086.jpg 768w, https:\/\/noctua-fin.com\/wp-content\/uploads\/2021\/05\/5-1086x1536.jpg 1086w, https:\/\/noctua-fin.com\/wp-content\/uploads\/2021\/05\/5-1448x2048.jpg 1448w, https:\/\/noctua-fin.com\/wp-content\/uploads\/2021\/05\/5-1568x2218.jpg 1568w, https:\/\/noctua-fin.com\/wp-content\/uploads\/2021\/05\/5.jpg 1587w\" sizes=\"auto, (max-width: 724px) 100vw, 724px\" \/><\/figure><\/li><li class=\"blocks-gallery-item\"><figure><img loading=\"lazy\" decoding=\"async\" width=\"940\" height=\"788\" src=\"https:\/\/noctua-fin.com\/wp-content\/uploads\/2021\/05\/6.jpg\" alt=\"\" data-id=\"119\" data-full-url=\"https:\/\/noctua-fin.com\/wp-content\/uploads\/2021\/05\/6.jpg\" data-link=\"https:\/\/noctua-fin.com\/index.php\/mieszkanie-swidnik-60-m2\/attachment\/6\/\" class=\"wp-image-119\" srcset=\"https:\/\/noctua-fin.com\/wp-content\/uploads\/2021\/05\/6.jpg 940w, https:\/\/noctua-fin.com\/wp-content\/uploads\/2021\/05\/6-300x251.jpg 300w, https:\/\/noctua-fin.com\/wp-content\/uploads\/2021\/05\/6-768x644.jpg 768w\" sizes=\"auto, (max-width: 940px) 100vw, 940px\" \/><\/figure><\/li><li class=\"blocks-gallery-item\"><figure><img loading=\"lazy\" decoding=\"async\" width=\"724\" height=\"1024\" src=\"https:\/\/noctua-fin.com\/wp-content\/uploads\/2021\/05\/7-724x1024.jpg\" alt=\"\" data-id=\"120\" data-full-url=\"https:\/\/noctua-fin.com\/wp-content\/uploads\/2021\/05\/7.jpg\" data-link=\"https:\/\/noctua-fin.com\/index.php\/mieszkanie-swidnik-60-m2\/attachment\/7\/\" class=\"wp-image-120\" srcset=\"https:\/\/noctua-fin.com\/wp-content\/uploads\/2021\/05\/7-724x1024.jpg 724w, https:\/\/noctua-fin.com\/wp-content\/uploads\/2021\/05\/7-212x300.jpg 212w, https:\/\/noctua-fin.com\/wp-content\/uploads\/2021\/05\/7-768x1086.jpg 768w, https:\/\/noctua-fin.com\/wp-content\/uploads\/2021\/05\/7-1086x1536.jpg 1086w, https:\/\/noctua-fin.com\/wp-content\/uploads\/2021\/05\/7-1448x2048.jpg 1448w, https:\/\/noctua-fin.com\/wp-content\/uploads\/2021\/05\/7-1568x2218.jpg 1568w, https:\/\/noctua-fin.com\/wp-content\/uploads\/2021\/05\/7.jpg 1587w\" sizes=\"auto, (max-width: 724px) 100vw, 724px\" \/><\/figure><\/li><li class=\"blocks-gallery-item\"><figure><img loading=\"lazy\" decoding=\"async\" width=\"724\" height=\"1024\" src=\"https:\/\/noctua-fin.com\/wp-content\/uploads\/2021\/05\/mapka-724x1024.jpg\" alt=\"\" data-id=\"121\" data-full-url=\"https:\/\/noctua-fin.com\/wp-content\/uploads\/2021\/05\/mapka.jpg\" data-link=\"https:\/\/noctua-fin.com\/index.php\/mieszkanie-swidnik-60-m2\/mapka\/\" class=\"wp-image-121\" srcset=\"https:\/\/noctua-fin.com\/wp-content\/uploads\/2021\/05\/mapka-724x1024.jpg 724w, https:\/\/noctua-fin.com\/wp-content\/uploads\/2021\/05\/mapka-212x300.jpg 212w, https:\/\/noctua-fin.com\/wp-content\/uploads\/2021\/05\/mapka-768x1086.jpg 768w, https:\/\/noctua-fin.com\/wp-content\/uploads\/2021\/05\/mapka-1086x1536.jpg 1086w, https:\/\/noctua-fin.com\/wp-content\/uploads\/2021\/05\/mapka-1448x2048.jpg 1448w, https:\/\/noctua-fin.com\/wp-content\/uploads\/2021\/05\/mapka-1568x2218.jpg 1568w, https:\/\/noctua-fin.com\/wp-content\/uploads\/2021\/05\/mapka.jpg 1587w\" sizes=\"auto, (max-width: 724px) 100vw, 724px\" \/><\/figure><\/li><li class=\"blocks-gallery-item\"><figure><img loading=\"lazy\" decoding=\"async\" width=\"940\" height=\"788\" src=\"https:\/\/noctua-fin.com\/wp-content\/uploads\/2021\/05\/Plac-zabaw.jpg\" alt=\"\" data-id=\"122\" data-full-url=\"https:\/\/noctua-fin.com\/wp-content\/uploads\/2021\/05\/Plac-zabaw.jpg\" data-link=\"https:\/\/noctua-fin.com\/index.php\/mieszkanie-swidnik-60-m2\/plac-zabaw\/\" class=\"wp-image-122\" srcset=\"https:\/\/noctua-fin.com\/wp-content\/uploads\/2021\/05\/Plac-zabaw.jpg 940w, https:\/\/noctua-fin.com\/wp-content\/uploads\/2021\/05\/Plac-zabaw-300x251.jpg 300w, https:\/\/noctua-fin.com\/wp-content\/uploads\/2021\/05\/Plac-zabaw-768x644.jpg 768w\" sizes=\"auto, (max-width: 940px) 100vw, 940px\" \/><\/figure><\/li><li class=\"blocks-gallery-item\"><figure><img loading=\"lazy\" decoding=\"async\" width=\"1024\" height=\"486\" src=\"https:\/\/noctua-fin.com\/wp-content\/uploads\/2021\/05\/Street-view-1024x486.jpg\" alt=\"\" data-id=\"123\" data-full-url=\"https:\/\/noctua-fin.com\/wp-content\/uploads\/2021\/05\/Street-view.jpg\" data-link=\"https:\/\/noctua-fin.com\/index.php\/mieszkanie-swidnik-60-m2\/street-view\/\" class=\"wp-image-123\" srcset=\"https:\/\/noctua-fin.com\/wp-content\/uploads\/2021\/05\/Street-view-1024x486.jpg 1024w, https:\/\/noctua-fin.com\/wp-content\/uploads\/2021\/05\/Street-view-300x142.jpg 300w, https:\/\/noctua-fin.com\/wp-content\/uploads\/2021\/05\/Street-view-768x365.jpg 768w, https:\/\/noctua-fin.com\/wp-content\/uploads\/2021\/05\/Street-view-1536x729.jpg 1536w, https:\/\/noctua-fin.com\/wp-content\/uploads\/2021\/05\/Street-view-1568x745.jpg 1568w, https:\/\/noctua-fin.com\/wp-content\/uploads\/2021\/05\/Street-view.jpg 1895w\" sizes=\"auto, (max-width: 1024px) 100vw, 1024px\" \/><\/figure><\/li><\/ul><\/figure>\n\n\n\n<p><strong>Dobra lokalizacja.<\/strong><\/p>\n\n\n\n<p>W pobli\u017cu:<\/p>\n\n\n\n<ul class=\"wp-block-list\"><li>Sklep spo\u017cywczy (piekarnia) 1min<\/li><li>Market (Biedronka) 4min<\/li><li>Targ 8min<\/li><li>Przystanek autobusowy 3min<\/li><li>\u017b\u0142obek 1min<\/li><li>Przedszkole 5min<\/li><li>Szko\u0142a Podstawowa 7min<\/li><li>Plac zabaw dla dzieci 1min<\/li><li>Ko\u015bci\u00f3\u0142 2min<br><\/li><\/ul>\n\n\n\n<p><strong>Wygodny rozk\u0142ad pomieszcze\u0144.<\/strong><\/p>\n\n\n\n<p><strong>Przestronna kuchnia<\/strong> (6m<sup>2<\/sup>) w zabudowie, w pe\u0142ni wyposa\u017cona, widna, z du\u017c\u0105 ilo\u015bci\u0105 miejsca do przechowywania i dodatkowym blatem roboczym. Jasne klasyczne meble z ciemnymi blatami, g\u0142\u0119boki jednokomorowy zlew z ociekaczem i piekarnik umiejscowiony na wysoko\u015bci blatu, co zapewnia wygod\u0119 korzystania i chroni ma\u0142e dzieci przed kontaktem z gor\u0105c\u0105 powierzchni\u0105.&nbsp;<\/p>\n\n\n\n<p><strong>Du\u017cy, 25m<\/strong><strong><sup>2<\/sup><\/strong><strong> salon<\/strong> z mo\u017cliwo\u015bci\u0105 podzielenia na dwa mniejsze pokoje, nas\u0142oneczniony, okna wychodz\u0105 na po\u0142udnie, zaaran\u017cowany w nowoczesnym stylu z podwieszanym sufitem. Du\u017ca przestrze\u0144 do zabawy z dzie\u0107mi. Salon posiada <strong>wyj\u015bcie na balkon<\/strong>, kt\u00f3rego rozmiary pozwalaj\u0105 na urz\u0105dzenie spokojnego miejsca do spotka\u0144 z przyjaci\u00f3\u0142mi lub wypicia porannej kawy w ciep\u0142e dni.<\/p>\n\n\n\n<p><strong>Dwa mniejsze pokoje<\/strong><br>Sypialnia nr 1: 9,5m<sup>2<\/sup>, od po\u0142udnia, przytulna, doskona\u0142a na sypialni\u0119 dla dw\u00f3ch os\u00f3b lub pok\u00f3j dzieci\u0119cych zabaw.<br>Sypialnia nr 2: 7,5m<sup>2<\/sup>, idealna na pok\u00f3j dzieci\u0119cy, okna od p\u00f3\u0142nocy zapewniaj\u0105 komfort cieplny. Szafa w zabudowie &#8211; mieszkaniec pokoju b\u0119dzie m\u00f3g\u0142 umie\u015bci\u0107 wszystkie swoje rzeczy w jednym miejscu.<\/p>\n\n\n\n<p><strong>\u0141azienka z wann\u0105 i parawanem<\/strong> dzi\u0119ki czemu mo\u017cna wzi\u0105\u0107 w niej zar\u00f3wno d\u0142ug\u0105 odpr\u0119\u017caj\u0105c\u0105 k\u0105piel, jak i szybki poranny prysznic. Na jednej ze \u015bcian znajduje si\u0119 zabudowa z pojemnymi szafkami oraz wkomponowan\u0105 umywalk\u0105 i miejscem na pralk\u0119. Pod\u0142oga pokryta jest jasn\u0105 terakot\u0105, a \u015bciany do samego sufitu wy\u0142o\u017cone p\u0142ytkami co u\u0142atwia utrzymanie czysto\u015bci i higieny.<br><br><strong>Toaleta stanowi oddzielne pomieszczenie<\/strong>, co niew\u0105tpliwie daje domownikom wi\u0119kszy komfort korzystania z niej oraz z \u0142azienki. Na pod\u0142odze znajduje si\u0119 jasna terakota, a \u015bciany do sufitu pokryte s\u0105 p\u0142ytkami.<\/p>\n\n\n\n<p>Przedpok\u00f3j jest do\u015b\u0107 jasny, za spraw\u0105 terakoty i bia\u0142ych drzwi wewn\u0119trznych. Posiada obszern\u0105 szaf\u0119 z przesuwnymi drzwiami co zapobiega utracie przestrzeni. Drzwi szafy pokryte s\u0105 lustrami, kt\u00f3re opr\u00f3cz swojej oczywistej funkcji zapewniaj\u0105 te\u017c odbicie \u015bwiat\u0142a i optyczne powi\u0119kszenie pomieszczenia. \u015aciany zabezpieczone s\u0105 do wysoko\u015bci kontakt\u00f3w oklein\u0105 z korka, co zapobiega ich brudzeniu si\u0119.<\/p>\n\n\n\n<p>Dodatkowe miejsce do przechowywania zapewnia <strong>przynale\u017cna do nieruchomo\u015bci piwnica<\/strong>, kt\u00f3ra pomie\u015bci wszystkie sezonowe sprz\u0119ty jak narty, sanki czy rowery, \u015bwi\u0105teczne dekoracje, w\u00f3zki dzieci\u0119ce, przetwory i wiele innych rzeczy.&nbsp;<\/p>\n\n\n\n<p>4 pi\u0119tro zapewnia cisz\u0119 zar\u00f3wno ze strony s\u0105siad\u00f3w jak i ha\u0142asu z otoczenia.<\/p>\n\n\n\n<p><strong>Wszystkie meble oraz urz\u0105dzenia w zabudowie s\u0105 uwzgl\u0119dnione w cenie.<\/strong><\/p>\n\n\n\n<p><strong>Klasyka i solidno\u015b\u0107<\/strong><\/p>\n\n\n\n<p>Mieszkanie 4 lata temu przesz\u0142o remont \u0142\u0105cznie z wymian\u0105 drzwi wej\u015bciowych oraz now\u0105 instalacj\u0105 elektryczn\u0105. Zosta\u0142o wyko\u0144czone w nowoczesnym, uniwersalnym stylu, dzi\u0119ki czemu nadaje si\u0119 od razu do zamieszkania lub jako baza stwarza przestrze\u0144 do dowolnych zmian w wystroju.<\/p>\n\n\n\n<p>Tradycyjne budownictwo gwarantuje prawid\u0142ow\u0105, przyjazn\u0105, komfortow\u0105 wymian\u0119 ciep\u0142a.<\/p>\n\n\n\n<p>Budynek przeszed\u0142 remont termoizolacji.<\/p>\n\n\n\n<p><strong>Dobra lokata kapita\u0142u<\/strong><\/p>\n\n\n\n<p>Mieszkanie w aktualnych cenach rynkowych, w przysz\u0142ym roku planowany jest generalny remont ulicy \u0142\u0105cznie z miejscami postojowymi, co znacz\u0105co podniesie jego warto\u015b\u0107.<\/p>\n\n\n\n<p><strong>Miasto<\/strong><\/p>\n\n\n\n<p>Nieruchomo\u015b\u0107 znajduje si\u0119 w miejscowo\u015bci \u015awidnik, doskonale skomunikowanej ze stolic\u0105 wojew\u00f3dztwa &#8211; Lublinem. Miasto posiada w\u0142asny Ratusz oraz Starostwo Powiatowe, mie\u015bci&nbsp; si\u0119 tu r\u00f3wnie\u017c oddzia\u0142 ZUSu i Urz\u0119du Skarbowego, co pozwala na za\u0142atwienie wszystkich spraw urz\u0119dowych \u201cna miejscu\u201d. W mie\u015bcie znajduje si\u0119 szpital z pogotowiem ratunkowym, komenda policji oraz jednostka stra\u017cy po\u017carnej.<br>W \u015awidniku znajduje si\u0119 pe\u0142en wachlarz plac\u00f3wek edukacyjnych: \u017c\u0142obki, przedszkola, szko\u0142y podstawowe i ponadpodstawowe. Po zaj\u0119ciach miasto oferuje szereg atrakcji dla dzieci oraz doros\u0142ych: Park Avia (basen, aquapark, sauna, strefa sportu), Miejski O\u015brodek Kultury (kino, sala koncertowa, zaj\u0119cia pozalekcyjne), place zabaw, \u015bcie\u017cki rowerowe, parki, restauracje.<br>Na obrze\u017cach miasta pr\u0119\u017cnie rozwija si\u0119 Regionalny Park Przemys\u0142owy, na jego terenie dzia\u0142a ponad 40 przedsi\u0119biorstw, kt\u00f3re stale tworz\u0105 nowe miejsca pracy. RPP umo\u017cliwia r\u00f3wnie\u017c wynaj\u0119cie lokalu dla w\u0142asnego biznesu.<\/p>\n\n\n\n<p><strong>Sprzedaj\u0105cy pokrywa w ca\u0142o\u015bci koszt prowizji Biura Nieruchomo\u015bci.<\/strong> Na miejscu w trakcie spotkania istnieje mo\u017cliwo\u015b\u0107 om\u00f3wienia warunk\u00f3w finansowania kredytem z wykwalifikowanym doradc\u0105 kredytowym zagwarantowanym przez Biuro Nieruchomo\u015bci.<\/p>\n\n\n\n<p>Zapraszamy do kontaktu:<br>Noctua Finanse i Nieruchomo\u015bci<br>tel.: 81 307 60 22 \/ 667 045 327<br>mail.: biuro.swidnik2@noctua-fin.com<\/p>\n","protected":false},"excerpt":{"rendered":"<p>Zobacz na OTODOM \/ OLX Na sprzeda\u017c 3-pokojowe mieszkanie o powierzchni 59m2 zlokalizowane przy ul. Okulickiego w \u015awidniku, idealne dla rodziny z dzie\u0107mi. Nieruchomo\u015b\u0107 znajduje si\u0119 na ostatnim pi\u0119trze czteropi\u0119trowego bloku, jej g\u0142\u00f3wne zalety to: Dobra lokalizacja. W pobli\u017cu: Sklep spo\u017cywczy (piekarnia) 1min Market (Biedronka) 4min Targ 8min Przystanek autobusowy 3min \u017b\u0142obek 1min Przedszkole 5min [&hellip;]<\/p>\n","protected":false},"author":1,"featured_media":0,"parent":0,"menu_order":0,"comment_status":"closed","ping_status":"closed","template":"","meta":{"footnotes":""},"class_list":["post-96","page","type-page","status-publish","hentry"],"_links":{"self":[{"href":"https:\/\/noctua-fin.com\/index.php\/wp-json\/wp\/v2\/pages\/96","targetHints":{"allow":["GET"]}}],"collection":[{"href":"https:\/\/noctua-fin.com\/index.php\/wp-json\/wp\/v2\/pages"}],"about":[{"href":"https:\/\/noctua-fin.com\/index.php\/wp-json\/wp\/v2\/types\/page"}],"author":[{"embeddable":true,"href":"https:\/\/noctua-fin.com\/index.php\/wp-json\/wp\/v2\/users\/1"}],"replies":[{"embeddable":true,"href":"https:\/\/noctua-fin.com\/index.php\/wp-json\/wp\/v2\/comments?post=96"}],"version-history":[{"count":13,"href":"https:\/\/noctua-fin.com\/index.php\/wp-json\/wp\/v2\/pages\/96\/revisions"}],"predecessor-version":[{"id":203,"href":"https:\/\/noctua-fin.com\/index.php\/wp-json\/wp\/v2\/pages\/96\/revisions\/203"}],"wp:attachment":[{"href":"https:\/\/noctua-fin.com\/index.php\/wp-json\/wp\/v2\/media?parent=96"}],"curies":[{"name":"wp","href":"https:\/\/api.w.org\/{rel}","templated":true}]}}